{"id":10069,"date":"2023-03-09T11:15:54","date_gmt":"2023-03-09T10:15:54","guid":{"rendered":"https:\/\/epernay.prep.faire-savoir.eu\/discover\/cultural-heritage\/"},"modified":"2024-08-09T11:15:20","modified_gmt":"2024-08-09T09:15:20","slug":"france-cultural-heritage-of-epernay-in-champagne","status":"publish","type":"page","link":"https:\/\/epernay.prep.faire-savoir.eu\/en\/discover\/france-cultural-heritage-of-epernay-in-champagne\/","title":{"rendered":"Cultural heritage"},"content":{"rendered":"","protected":false},"excerpt":{"rendered":"","protected":false},"author":1,"featured_media":2084,"parent":10055,"menu_order":121,"comment_status":"closed","ping_status":"closed","template":"templates\/sommaire.php","meta":{"_acf_changed":false,"footnotes":""},"class_list":["post-10069","page","type-page","status-publish","has-post-thumbnail","hentry"],"acf":[],"yoast_head":"<!-- This site is optimized with the Yoast SEO plugin v26.2 - https:\/\/yoast.com\/wordpress\/plugins\/seo\/ -->\n<title>French castles museums monuments churches and vineyards in Champagne<\/title>\n<meta name=\"description\" content=\"Immerse yourself in the cultural heritage of Epernay in the heart of Champagne with a visit to the museums, monuments, castles, churches and vineyard lodges of the Champagne Region\" \/>\n<meta name=\"robots\" content=\"noindex, follow, max-snippet:-1, max-image-preview:large, max-video-preview:-1\" \/>\n<meta property=\"og:locale\" content=\"en_US\" \/>\n<meta property=\"og:type\" content=\"article\" \/>\n<meta property=\"og:title\" content=\"French castles museums monuments churches and vineyards in Champagne\" \/>\n<meta property=\"og:description\" content=\"Immerse yourself in the cultural heritage of Epernay in the heart of Champagne with a visit to the museums, monuments, castles, churches and vineyard lodges of the Champagne Region\" \/>\n<meta property=\"og:url\" content=\"https:\/\/epernay.prep.faire-savoir.eu\/en\/discover\/france-cultural-heritage-of-epernay-in-champagne\/\" \/>\n<meta property=\"og:site_name\" content=\"Epernay\" \/>\n<meta property=\"article:publisher\" content=\"https:\/\/www.facebook.com\/tourisme.epernay.champagne\" \/>\n<meta property=\"article:modified_time\" content=\"2024-08-09T09:15:20+00:00\" \/>\n<meta name=\"twitter:card\" content=\"summary_large_image\" \/>\n<script type=\"application\/ld+json\" class=\"yoast-schema-graph\">{\"@context\":\"https:\/\/schema.org\",\"@graph\":[{\"@type\":\"WebPage\",\"@id\":\"https:\/\/epernay.prep.faire-savoir.eu\/en\/discover\/france-cultural-heritage-of-epernay-in-champagne\/\",\"url\":\"https:\/\/epernay.prep.faire-savoir.eu\/en\/discover\/france-cultural-heritage-of-epernay-in-champagne\/\",\"name\":\"French castles museums monuments churches and vineyards in Champagne\",\"isPartOf\":{\"@id\":\"https:\/\/epernay.prep.faire-savoir.eu\/en\/#website\"},\"primaryImageOfPage\":{\"@id\":\"https:\/\/epernay.prep.faire-savoir.eu\/en\/discover\/france-cultural-heritage-of-epernay-in-champagne\/#primaryimage\"},\"image\":{\"@id\":\"https:\/\/epernay.prep.faire-savoir.eu\/en\/discover\/france-cultural-heritage-of-epernay-in-champagne\/#primaryimage\"},\"thumbnailUrl\":\"https:\/\/epernay.prep.faire-savoir.eu\/assets\/uploads\/2022\/05\/musee-depernay-dscf1407.jpg\",\"datePublished\":\"2023-03-09T10:15:54+00:00\",\"dateModified\":\"2024-08-09T09:15:20+00:00\",\"description\":\"Immerse yourself in the cultural heritage of Epernay in the heart of Champagne with a visit to the museums, monuments, castles, churches and vineyard lodges of the Champagne Region\",\"breadcrumb\":{\"@id\":\"https:\/\/epernay.prep.faire-savoir.eu\/en\/discover\/france-cultural-heritage-of-epernay-in-champagne\/#breadcrumb\"},\"inLanguage\":\"en-US\",\"potentialAction\":[{\"@type\":\"ReadAction\",\"target\":[\"https:\/\/epernay.prep.faire-savoir.eu\/en\/discover\/france-cultural-heritage-of-epernay-in-champagne\/\"]}]},{\"@type\":\"ImageObject\",\"inLanguage\":\"en-US\",\"@id\":\"https:\/\/epernay.prep.faire-savoir.eu\/en\/discover\/france-cultural-heritage-of-epernay-in-champagne\/#primaryimage\",\"url\":\"https:\/\/epernay.prep.faire-savoir.eu\/assets\/uploads\/2022\/05\/musee-depernay-dscf1407.jpg\",\"contentUrl\":\"https:\/\/epernay.prep.faire-savoir.eu\/assets\/uploads\/2022\/05\/musee-depernay-dscf1407.jpg\",\"width\":2000,\"height\":1333,\"caption\":\"Mus\u00e9e du vin et d'arch\u00e9ologie r\u00e9gionale d'Epernay\"},{\"@type\":\"BreadcrumbList\",\"@id\":\"https:\/\/epernay.prep.faire-savoir.eu\/en\/discover\/france-cultural-heritage-of-epernay-in-champagne\/#breadcrumb\",\"itemListElement\":[{\"@type\":\"ListItem\",\"position\":1,\"name\":\"Accueil\",\"item\":\"https:\/\/epernay.prep.faire-savoir.eu\/en\/\"},{\"@type\":\"ListItem\",\"position\":2,\"name\":\"Discover\",\"item\":\"https:\/\/epernay.prep.faire-savoir.eu\/en\/discover\/\"},{\"@type\":\"ListItem\",\"position\":3,\"name\":\"Cultural heritage\"}]},{\"@type\":\"WebSite\",\"@id\":\"https:\/\/epernay.prep.faire-savoir.eu\/en\/#website\",\"url\":\"https:\/\/epernay.prep.faire-savoir.eu\/en\/\",\"name\":\"Epernay\",\"description\":\"\",\"publisher\":{\"@id\":\"https:\/\/epernay.prep.faire-savoir.eu\/en\/#organization\"},\"potentialAction\":[{\"@type\":\"SearchAction\",\"target\":{\"@type\":\"EntryPoint\",\"urlTemplate\":\"https:\/\/epernay.prep.faire-savoir.eu\/en\/?s={search_term_string}\"},\"query-input\":{\"@type\":\"PropertyValueSpecification\",\"valueRequired\":true,\"valueName\":\"search_term_string\"}}],\"inLanguage\":\"en-US\"},{\"@type\":\"Organization\",\"@id\":\"https:\/\/epernay.prep.faire-savoir.eu\/en\/#organization\",\"name\":\"Epernay\",\"url\":\"https:\/\/epernay.prep.faire-savoir.eu\/en\/\",\"logo\":{\"@type\":\"ImageObject\",\"inLanguage\":\"en-US\",\"@id\":\"https:\/\/epernay.prep.faire-savoir.eu\/en\/#\/schema\/logo\/image\/\",\"url\":\"https:\/\/epernay.prep.faire-savoir.eu\/assets\/uploads\/2022\/02\/logo-epernay.svg\",\"contentUrl\":\"https:\/\/epernay.prep.faire-savoir.eu\/assets\/uploads\/2022\/02\/logo-epernay.svg\",\"width\":242,\"height\":63,\"caption\":\"Epernay\"},\"image\":{\"@id\":\"https:\/\/epernay.prep.faire-savoir.eu\/en\/#\/schema\/logo\/image\/\"},\"sameAs\":[\"https:\/\/www.facebook.com\/tourisme.epernay.champagne\",\"https:\/\/www.linkedin.com\/company\/office-de-tourisme-epernay\/\",\"https:\/\/www.instagram.com\/epernaytourisme\/\"]}]}<\/script>\n<!-- \/ Yoast SEO plugin. -->","yoast_head_json":{"title":"French castles museums monuments churches and vineyards in Champagne","description":"Immerse yourself in the cultural heritage of Epernay in the heart of Champagne with a visit to the museums, monuments, castles, churches and vineyard lodges of the Champagne Region","robots":{"index":"noindex","follow":"follow","max-snippet":"max-snippet:-1","max-image-preview":"max-image-preview:large","max-video-preview":"max-video-preview:-1"},"og_locale":"en_US","og_type":"article","og_title":"French castles museums monuments churches and vineyards in Champagne","og_description":"Immerse yourself in the cultural heritage of Epernay in the heart of Champagne with a visit to the museums, monuments, castles, churches and vineyard lodges of the Champagne Region","og_url":"https:\/\/epernay.prep.faire-savoir.eu\/en\/discover\/france-cultural-heritage-of-epernay-in-champagne\/","og_site_name":"Epernay","article_publisher":"https:\/\/www.facebook.com\/tourisme.epernay.champagne","article_modified_time":"2024-08-09T09:15:20+00:00","twitter_card":"summary_large_image","schema":{"@context":"https:\/\/schema.org","@graph":[{"@type":"WebPage","@id":"https:\/\/epernay.prep.faire-savoir.eu\/en\/discover\/france-cultural-heritage-of-epernay-in-champagne\/","url":"https:\/\/epernay.prep.faire-savoir.eu\/en\/discover\/france-cultural-heritage-of-epernay-in-champagne\/","name":"French castles museums monuments churches and vineyards in Champagne","isPartOf":{"@id":"https:\/\/epernay.prep.faire-savoir.eu\/en\/#website"},"primaryImageOfPage":{"@id":"https:\/\/epernay.prep.faire-savoir.eu\/en\/discover\/france-cultural-heritage-of-epernay-in-champagne\/#primaryimage"},"image":{"@id":"https:\/\/epernay.prep.faire-savoir.eu\/en\/discover\/france-cultural-heritage-of-epernay-in-champagne\/#primaryimage"},"thumbnailUrl":"https:\/\/epernay.prep.faire-savoir.eu\/assets\/uploads\/2022\/05\/musee-depernay-dscf1407.jpg","datePublished":"2023-03-09T10:15:54+00:00","dateModified":"2024-08-09T09:15:20+00:00","description":"Immerse yourself in the cultural heritage of Epernay in the heart of Champagne with a visit to the museums, monuments, castles, churches and vineyard lodges of the Champagne Region","breadcrumb":{"@id":"https:\/\/epernay.prep.faire-savoir.eu\/en\/discover\/france-cultural-heritage-of-epernay-in-champagne\/#breadcrumb"},"inLanguage":"en-US","potentialAction":[{"@type":"ReadAction","target":["https:\/\/epernay.prep.faire-savoir.eu\/en\/discover\/france-cultural-heritage-of-epernay-in-champagne\/"]}]},{"@type":"ImageObject","inLanguage":"en-US","@id":"https:\/\/epernay.prep.faire-savoir.eu\/en\/discover\/france-cultural-heritage-of-epernay-in-champagne\/#primaryimage","url":"https:\/\/epernay.prep.faire-savoir.eu\/assets\/uploads\/2022\/05\/musee-depernay-dscf1407.jpg","contentUrl":"https:\/\/epernay.prep.faire-savoir.eu\/assets\/uploads\/2022\/05\/musee-depernay-dscf1407.jpg","width":2000,"height":1333,"caption":"Mus\u00e9e du vin et d'arch\u00e9ologie r\u00e9gionale d'Epernay"},{"@type":"BreadcrumbList","@id":"https:\/\/epernay.prep.faire-savoir.eu\/en\/discover\/france-cultural-heritage-of-epernay-in-champagne\/#breadcrumb","itemListElement":[{"@type":"ListItem","position":1,"name":"Accueil","item":"https:\/\/epernay.prep.faire-savoir.eu\/en\/"},{"@type":"ListItem","position":2,"name":"Discover","item":"https:\/\/epernay.prep.faire-savoir.eu\/en\/discover\/"},{"@type":"ListItem","position":3,"name":"Cultural heritage"}]},{"@type":"WebSite","@id":"https:\/\/epernay.prep.faire-savoir.eu\/en\/#website","url":"https:\/\/epernay.prep.faire-savoir.eu\/en\/","name":"Epernay","description":"","publisher":{"@id":"https:\/\/epernay.prep.faire-savoir.eu\/en\/#organization"},"potentialAction":[{"@type":"SearchAction","target":{"@type":"EntryPoint","urlTemplate":"https:\/\/epernay.prep.faire-savoir.eu\/en\/?s={search_term_string}"},"query-input":{"@type":"PropertyValueSpecification","valueRequired":true,"valueName":"search_term_string"}}],"inLanguage":"en-US"},{"@type":"Organization","@id":"https:\/\/epernay.prep.faire-savoir.eu\/en\/#organization","name":"Epernay","url":"https:\/\/epernay.prep.faire-savoir.eu\/en\/","logo":{"@type":"ImageObject","inLanguage":"en-US","@id":"https:\/\/epernay.prep.faire-savoir.eu\/en\/#\/schema\/logo\/image\/","url":"https:\/\/epernay.prep.faire-savoir.eu\/assets\/uploads\/2022\/02\/logo-epernay.svg","contentUrl":"https:\/\/epernay.prep.faire-savoir.eu\/assets\/uploads\/2022\/02\/logo-epernay.svg","width":242,"height":63,"caption":"Epernay"},"image":{"@id":"https:\/\/epernay.prep.faire-savoir.eu\/en\/#\/schema\/logo\/image\/"},"sameAs":["https:\/\/www.facebook.com\/tourisme.epernay.champagne","https:\/\/www.linkedin.com\/company\/office-de-tourisme-epernay\/","https:\/\/www.instagram.com\/epernaytourisme\/"]}]}},"_links":{"self":[{"href":"https:\/\/epernay.prep.faire-savoir.eu\/en\/wp-json\/wp\/v2\/pages\/10069","targetHints":{"allow":["GET"]}}],"collection":[{"href":"https:\/\/epernay.prep.faire-savoir.eu\/en\/wp-json\/wp\/v2\/pages"}],"about":[{"href":"https:\/\/epernay.prep.faire-savoir.eu\/en\/wp-json\/wp\/v2\/types\/page"}],"author":[{"embeddable":true,"href":"https:\/\/epernay.prep.faire-savoir.eu\/en\/wp-json\/wp\/v2\/users\/1"}],"replies":[{"embeddable":true,"href":"https:\/\/epernay.prep.faire-savoir.eu\/en\/wp-json\/wp\/v2\/comments?post=10069"}],"version-history":[{"count":0,"href":"https:\/\/epernay.prep.faire-savoir.eu\/en\/wp-json\/wp\/v2\/pages\/10069\/revisions"}],"up":[{"embeddable":true,"href":"https:\/\/epernay.prep.faire-savoir.eu\/en\/wp-json\/wp\/v2\/pages\/10055"}],"wp:featuredmedia":[{"embeddable":true,"href":"https:\/\/epernay.prep.faire-savoir.eu\/en\/wp-json\/wp\/v2\/media\/2084"}],"wp:attachment":[{"href":"https:\/\/epernay.prep.faire-savoir.eu\/en\/wp-json\/wp\/v2\/media?parent=10069"}],"curies":[{"name":"wp","href":"https:\/\/api.w.org\/{rel}","templated":true}]}}