{"id":10104,"date":"2023-03-09T15:25:17","date_gmt":"2023-03-09T14:25:17","guid":{"rendered":"https:\/\/epernay.prep.faire-savoir.eu\/historic-monte-carlo-rally-2023\/"},"modified":"2024-04-16T17:00:32","modified_gmt":"2024-04-16T15:00:32","slug":"historic-monte-carlo-rally","status":"publish","type":"page","link":"https:\/\/epernay.prep.faire-savoir.eu\/en\/take-advantage\/agenda\/historic-monte-carlo-rally\/","title":{"rendered":"Historic Monte-Carlo Rally"},"content":{"rendered":"\t\t<div data-elementor-type=\"wp-page\" data-elementor-id=\"10104\" class=\"elementor elementor-10104 elementor-5722\" data-elementor-post-type=\"page\">\n\t\t\t\t\t\t<section class=\"elementor-section elementor-top-section elementor-element elementor-element-fbe661b elementor-section-boxed elementor-section-height-default elementor-section-height-default\" data-id=\"fbe661b\" data-element_type=\"section\">\n\t\t\t\t\t\t<div class=\"elementor-container elementor-column-gap-default\">\n\t\t\t\t\t<div class=\"elementor-column elementor-col-100 elementor-top-column elementor-element elementor-element-bc1e797\" data-id=\"bc1e797\" data-element_type=\"column\">\n\t\t\t<div class=\"elementor-widget-wrap elementor-element-populated\">\n\t\t\t\t\t\t<div class=\"elementor-element elementor-element-99f650b elementor-widget elementor-widget-button\" data-id=\"99f650b\" data-element_type=\"widget\" data-widget_type=\"button.default\">\n\t\t\t\t<div class=\"elementor-widget-container\">\n\t\t\t\t\t\t\t\t\t<div class=\"elementor-button-wrapper\">\n\t\t\t\t\t<a class=\"elementor-button elementor-button-link elementor-size-sm\" href=\"https:\/\/epernay.prep.faire-savoir.eu\/en\/take-advantage\/agenda\/\">\n\t\t\t\t\t\t<span class=\"elementor-button-content-wrapper\">\n\t\t\t\t\t\t\t\t\t<span class=\"elementor-button-text\">KEY EVENTS IN EPERNAY<\/span>\n\t\t\t\t\t<\/span>\n\t\t\t\t\t<\/a>\n\t\t\t\t<\/div>\n\t\t\t\t\t\t\t\t<\/div>\n\t\t\t\t<\/div>\n\t\t\t\t\t<\/div>\n\t\t<\/div>\n\t\t\t\t\t<\/div>\n\t\t<\/section>\n\t\t\t\t<section class=\"elementor-section elementor-top-section elementor-element elementor-element-1e7bbb30 elementor-fs-modele-photo50-texte50 reverse elementor-section-boxed elementor-section-height-default elementor-section-height-default\" data-id=\"1e7bbb30\" data-element_type=\"section\">\n\t\t\t\t\t\t<div class=\"elementor-container elementor-column-gap-default\">\n\t\t\t\t\t<div class=\"elementor-column elementor-col-50 elementor-top-column elementor-element elementor-element-6a8b1c8f fs-image\" data-id=\"6a8b1c8f\" data-element_type=\"column\">\n\t\t\t<div class=\"elementor-widget-wrap elementor-element-populated\">\n\t\t\t\t\t\t<div class=\"elementor-element elementor-element-117c1a10 elementor-widget elementor-widget-image\" data-id=\"117c1a10\" data-element_type=\"widget\" data-widget_type=\"image.default\">\n\t\t\t\t<div class=\"elementor-widget-container\">\n\t\t\t\t\t\t\t\t\t\t\t\t\t\t\t<img fetchpriority=\"high\" decoding=\"async\" width=\"1448\" height=\"2048\" src=\"https:\/\/epernay.prep.faire-savoir.eu\/assets\/uploads\/2023\/11\/visuel-rmch2024-a4-sansdate-scaled.jpg\" class=\"attachment-full size-full wp-image-23794\" alt=\"Rallye Monte-Carlo Historique 2024 \u00e0 Epernay\" srcset=\"https:\/\/epernay.prep.faire-savoir.eu\/assets\/uploads\/2023\/11\/visuel-rmch2024-a4-sansdate-scaled.jpg 1448w, https:\/\/epernay.prep.faire-savoir.eu\/assets\/uploads\/2023\/11\/visuel-rmch2024-a4-sansdate-212x300.jpg 212w, https:\/\/epernay.prep.faire-savoir.eu\/assets\/uploads\/2023\/11\/visuel-rmch2024-a4-sansdate-724x1024.jpg 724w, https:\/\/epernay.prep.faire-savoir.eu\/assets\/uploads\/2023\/11\/visuel-rmch2024-a4-sansdate-768x1086.jpg 768w, https:\/\/epernay.prep.faire-savoir.eu\/assets\/uploads\/2023\/11\/visuel-rmch2024-a4-sansdate-1086x1536.jpg 1086w\" sizes=\"(max-width: 1448px) 100vw, 1448px\" \/>\t\t\t\t\t\t\t\t\t\t\t\t\t\t\t<\/div>\n\t\t\t\t<\/div>\n\t\t\t\t\t<\/div>\n\t\t<\/div>\n\t\t\t\t<div class=\"elementor-column elementor-col-50 elementor-top-column elementor-element elementor-element-59d2183c fs-texte\" data-id=\"59d2183c\" data-element_type=\"column\">\n\t\t\t<div class=\"elementor-widget-wrap elementor-element-populated\">\n\t\t\t\t\t\t<div class=\"elementor-element elementor-element-6202b350 fs-sstitre elementor-widget elementor-widget-heading\" data-id=\"6202b350\" data-element_type=\"widget\" data-widget_type=\"heading.default\">\n\t\t\t\t<div class=\"elementor-widget-container\">\n\t\t\t\t\t<span class=\"elementor-heading-title elementor-size-default\">A TASTE OF CHAMPAGNE\n<\/span>\t\t\t\t<\/div>\n\t\t\t\t<\/div>\n\t\t\t\t<div class=\"elementor-element elementor-element-4ae7eb92 fs-titre elementor-widget elementor-widget-heading\" data-id=\"4ae7eb92\" data-element_type=\"widget\" data-widget_type=\"heading.default\">\n\t\t\t\t<div class=\"elementor-widget-container\">\n\t\t\t\t\t<h2 class=\"elementor-heading-title elementor-size-default\">26TH EDITION 2024 OF THE HISTORIC MONTE CARLO RALLY FROM 31 JANUARY TO 7 FEBRUARY<\/h2>\t\t\t\t<\/div>\n\t\t\t\t<\/div>\n\t\t\t\t<div class=\"elementor-element elementor-element-4c791bda elementor-widget elementor-widget-text-editor\" data-id=\"4c791bda\" data-element_type=\"widget\" data-widget_type=\"text-editor.default\">\n\t\t\t\t<div class=\"elementor-widget-container\">\n\t\t\t\t\t\t\t\t\t<p>On Thursday February 1, Epernay will welcome the competitors of the Rallye Monte-Carlo Historique for a concentration stage.<\/p><p>Nearly 130 classic vehicles are expected to take part!<\/p><p>Organised by the Automobile Club de Monaco<\/p>\t\t\t\t\t\t\t\t<\/div>\n\t\t\t\t<\/div>\n\t\t\t\t\t<\/div>\n\t\t<\/div>\n\t\t\t\t\t<\/div>\n\t\t<\/section>\n\t\t\t\t<section class=\"elementor-section elementor-top-section elementor-element elementor-element-1543b2e elementor-fs-modele-texte100-gray elementor-section-boxed elementor-section-height-default elementor-section-height-default\" data-id=\"1543b2e\" data-element_type=\"section\">\n\t\t\t\t\t\t<div class=\"elementor-container elementor-column-gap-default\">\n\t\t\t\t\t<div class=\"elementor-column elementor-col-100 elementor-top-column elementor-element elementor-element-3a9f1b5e\" data-id=\"3a9f1b5e\" data-element_type=\"column\">\n\t\t\t<div class=\"elementor-widget-wrap elementor-element-populated\">\n\t\t\t\t\t\t<div class=\"elementor-element elementor-element-4994ef67 fs-sstitre elementor-widget elementor-widget-heading\" data-id=\"4994ef67\" data-element_type=\"widget\" data-widget_type=\"heading.default\">\n\t\t\t\t<div class=\"elementor-widget-container\">\n\t\t\t\t\t<span class=\"elementor-heading-title elementor-size-default\">on the famous artery of Epernay<\/span>\t\t\t\t<\/div>\n\t\t\t\t<\/div>\n\t\t\t\t<div class=\"elementor-element elementor-element-8e4eae2 fs-titre elementor-widget elementor-widget-heading\" data-id=\"8e4eae2\" data-element_type=\"widget\" data-widget_type=\"heading.default\">\n\t\t\t\t<div class=\"elementor-widget-container\">\n\t\t\t\t\t<h2 class=\"elementor-heading-title elementor-size-default\">With a stop for Epernay!<\/h2>\t\t\t\t<\/div>\n\t\t\t\t<\/div>\n\t\t\t\t<div class=\"elementor-element elementor-element-3edfd32c elementor-widget elementor-widget-text-editor\" data-id=\"3edfd32c\" data-element_type=\"widget\" data-widget_type=\"text-editor.default\">\n\t\t\t\t<div class=\"elementor-widget-container\">\n\t\t\t\t\t\t\t\t\t<p>Leaving the Cit\u00e9 des Sacres at around 7pm, the competitors will head for Langres, passing through three compulsory checkpoints: Epernay, Vitry-le-Fran\u00e7ois and Bar-sur-Aube. The first team will arrive at around 7.30pm at the Mus\u00e9e du Vin de Champagne et d&#8217;Arch\u00e9ologie R\u00e9gionale, on the Avenue de Champagne side, for the first checkpoint. The vehicles will then make their way along the famous Sparnac artery at a rate of one pass per minute until 9.40pm.<\/p>\t\t\t\t\t\t\t\t<\/div>\n\t\t\t\t<\/div>\n\t\t\t\t\t<\/div>\n\t\t<\/div>\n\t\t\t\t\t<\/div>\n\t\t<\/section>\n\t\t\t\t<section class=\"elementor-section elementor-top-section elementor-element elementor-element-25d121f6 elementor-fs-modele_image100 elementor-section-boxed elementor-section-height-default elementor-section-height-default\" data-id=\"25d121f6\" data-element_type=\"section\">\n\t\t\t\t\t\t<div class=\"elementor-container elementor-column-gap-default\">\n\t\t\t\t\t<div class=\"elementor-column elementor-col-100 elementor-top-column elementor-element elementor-element-634a814e\" data-id=\"634a814e\" data-element_type=\"column\">\n\t\t\t<div class=\"elementor-widget-wrap elementor-element-populated\">\n\t\t\t\t\t\t<div class=\"elementor-element elementor-element-7c0dda2e elementor-widget elementor-widget-image\" data-id=\"7c0dda2e\" data-element_type=\"widget\" data-widget_type=\"image.default\">\n\t\t\t\t<div class=\"elementor-widget-container\">\n\t\t\t\t\t\t\t\t\t\t\t\t<figure class=\"wp-caption\">\n\t\t\t\t\t\t\t\t\t\t<img decoding=\"async\" width=\"2000\" height=\"1333\" src=\"https:\/\/epernay.prep.faire-savoir.eu\/assets\/uploads\/2023\/01\/rallye-monte-carlo-historique-dscf9880.jpg\" class=\"attachment-full size-full wp-image-37314\" alt=\"\" srcset=\"https:\/\/epernay.prep.faire-savoir.eu\/assets\/uploads\/2023\/01\/rallye-monte-carlo-historique-dscf9880.jpg 2000w, https:\/\/epernay.prep.faire-savoir.eu\/assets\/uploads\/2023\/01\/rallye-monte-carlo-historique-dscf9880-300x200.jpg 300w, https:\/\/epernay.prep.faire-savoir.eu\/assets\/uploads\/2023\/01\/rallye-monte-carlo-historique-dscf9880-1024x682.jpg 1024w, https:\/\/epernay.prep.faire-savoir.eu\/assets\/uploads\/2023\/01\/rallye-monte-carlo-historique-dscf9880-768x512.jpg 768w, https:\/\/epernay.prep.faire-savoir.eu\/assets\/uploads\/2023\/01\/rallye-monte-carlo-historique-dscf9880-1536x1024.jpg 1536w\" sizes=\"(max-width: 2000px) 100vw, 2000px\" \/>\t\t\t\t\t\t\t\t\t\t\t<figcaption class=\"widget-image-caption wp-caption-text\">Alexandre Couvreux<\/figcaption>\n\t\t\t\t\t\t\t\t\t\t<\/figure>\n\t\t\t\t\t\t\t\t\t<\/div>\n\t\t\t\t<\/div>\n\t\t\t\t\t<\/div>\n\t\t<\/div>\n\t\t\t\t\t<\/div>\n\t\t<\/section>\n\t\t\t\t<\/div>\n\t\t","protected":false},"excerpt":{"rendered":"<p>KEY EVENTS IN EPERNAY A TASTE OF CHAMPAGNE 26TH EDITION 2024 OF THE HISTORIC MONTE CARLO RALLY FROM 31 JANUARY TO 7 FEBRUARY On Thursday February 1, Epernay will welcome the competitors of the Rallye Monte-Carlo Historique for a concentration stage. Nearly 130 classic vehicles are expected to take part! Organised by the Automobile Club [&hellip;]<\/p>\n","protected":false},"author":4,"featured_media":24844,"parent":9560,"menu_order":130,"comment_status":"closed","ping_status":"closed","template":"templates\/edito.php","meta":{"_acf_changed":false,"footnotes":""},"class_list":["post-10104","page","type-page","status-publish","has-post-thumbnail","hentry"],"acf":[],"yoast_head":"<!-- This site is optimized with the Yoast SEO plugin v26.2 - https:\/\/yoast.com\/wordpress\/plugins\/seo\/ -->\n<title>Historic Monte-Carlo Rally - Epernay<\/title>\n<meta name=\"description\" content=\"Come and enjoy the 26th Monte Carlo Historic Rally. Epernay will welcome the Rally competitors on Thursday 1 February.\" \/>\n<meta name=\"robots\" content=\"noindex, follow, max-snippet:-1, max-image-preview:large, max-video-preview:-1\" \/>\n<meta property=\"og:locale\" content=\"en_US\" \/>\n<meta property=\"og:type\" content=\"article\" \/>\n<meta property=\"og:title\" content=\"Historic Monte-Carlo Rally - Epernay\" \/>\n<meta property=\"og:description\" content=\"Come and enjoy the 26th Monte Carlo Historic Rally. Epernay will welcome the Rally competitors on Thursday 1 February.\" \/>\n<meta property=\"og:url\" content=\"https:\/\/epernay.prep.faire-savoir.eu\/en\/take-advantage\/agenda\/historic-monte-carlo-rally\/\" \/>\n<meta property=\"og:site_name\" content=\"Epernay\" \/>\n<meta property=\"article:publisher\" content=\"https:\/\/www.facebook.com\/tourisme.epernay.champagne\" \/>\n<meta property=\"article:modified_time\" content=\"2024-04-16T15:00:32+00:00\" \/>\n<meta property=\"og:image\" content=\"https:\/\/epernay.prep.faire-savoir.eu\/assets\/uploads\/2024\/01\/mercredi-9-aout-notre-train-touristique-ne-circulera-pas-11.png\" \/>\n\t<meta property=\"og:image:width\" content=\"1200\" \/>\n\t<meta property=\"og:image:height\" content=\"800\" \/>\n\t<meta property=\"og:image:type\" content=\"image\/png\" \/>\n<meta name=\"twitter:card\" content=\"summary_large_image\" \/>\n<meta name=\"twitter:label1\" content=\"Est. reading time\" \/>\n\t<meta name=\"twitter:data1\" content=\"1 minute\" \/>\n<script type=\"application\/ld+json\" class=\"yoast-schema-graph\">{\"@context\":\"https:\/\/schema.org\",\"@graph\":[{\"@type\":\"WebPage\",\"@id\":\"https:\/\/epernay.prep.faire-savoir.eu\/en\/take-advantage\/agenda\/historic-monte-carlo-rally\/\",\"url\":\"https:\/\/epernay.prep.faire-savoir.eu\/en\/take-advantage\/agenda\/historic-monte-carlo-rally\/\",\"name\":\"Historic Monte-Carlo Rally - Epernay\",\"isPartOf\":{\"@id\":\"https:\/\/epernay.prep.faire-savoir.eu\/en\/#website\"},\"primaryImageOfPage\":{\"@id\":\"https:\/\/epernay.prep.faire-savoir.eu\/en\/take-advantage\/agenda\/historic-monte-carlo-rally\/#primaryimage\"},\"image\":{\"@id\":\"https:\/\/epernay.prep.faire-savoir.eu\/en\/take-advantage\/agenda\/historic-monte-carlo-rally\/#primaryimage\"},\"thumbnailUrl\":\"https:\/\/epernay.prep.faire-savoir.eu\/assets\/uploads\/2024\/01\/mercredi-9-aout-notre-train-touristique-ne-circulera-pas-11.png\",\"datePublished\":\"2023-03-09T14:25:17+00:00\",\"dateModified\":\"2024-04-16T15:00:32+00:00\",\"description\":\"Come and enjoy the 26th Monte Carlo Historic Rally. Epernay will welcome the Rally competitors on Thursday 1 February.\",\"breadcrumb\":{\"@id\":\"https:\/\/epernay.prep.faire-savoir.eu\/en\/take-advantage\/agenda\/historic-monte-carlo-rally\/#breadcrumb\"},\"inLanguage\":\"en-US\",\"potentialAction\":[{\"@type\":\"ReadAction\",\"target\":[\"https:\/\/epernay.prep.faire-savoir.eu\/en\/take-advantage\/agenda\/historic-monte-carlo-rally\/\"]}]},{\"@type\":\"ImageObject\",\"inLanguage\":\"en-US\",\"@id\":\"https:\/\/epernay.prep.faire-savoir.eu\/en\/take-advantage\/agenda\/historic-monte-carlo-rally\/#primaryimage\",\"url\":\"https:\/\/epernay.prep.faire-savoir.eu\/assets\/uploads\/2024\/01\/mercredi-9-aout-notre-train-touristique-ne-circulera-pas-11.png\",\"contentUrl\":\"https:\/\/epernay.prep.faire-savoir.eu\/assets\/uploads\/2024\/01\/mercredi-9-aout-notre-train-touristique-ne-circulera-pas-11.png\",\"width\":1200,\"height\":800,\"caption\":\"26EME EDITION 2024 DU RALLYE MONTE-CARLO HISTORIQUE DU 31 JANVIER AU 7 FEVRIER\"},{\"@type\":\"BreadcrumbList\",\"@id\":\"https:\/\/epernay.prep.faire-savoir.eu\/en\/take-advantage\/agenda\/historic-monte-carlo-rally\/#breadcrumb\",\"itemListElement\":[{\"@type\":\"ListItem\",\"position\":1,\"name\":\"Accueil\",\"item\":\"https:\/\/epernay.prep.faire-savoir.eu\/en\/\"},{\"@type\":\"ListItem\",\"position\":2,\"name\":\"Take advantage\",\"item\":\"https:\/\/epernay.prep.faire-savoir.eu\/en\/take-advantage\/\"},{\"@type\":\"ListItem\",\"position\":3,\"name\":\"Agenda\",\"item\":\"https:\/\/epernay.prep.faire-savoir.eu\/en\/take-advantage\/agenda\/\"},{\"@type\":\"ListItem\",\"position\":4,\"name\":\"Historic Monte-Carlo Rally\"}]},{\"@type\":\"WebSite\",\"@id\":\"https:\/\/epernay.prep.faire-savoir.eu\/en\/#website\",\"url\":\"https:\/\/epernay.prep.faire-savoir.eu\/en\/\",\"name\":\"Epernay\",\"description\":\"\",\"publisher\":{\"@id\":\"https:\/\/epernay.prep.faire-savoir.eu\/en\/#organization\"},\"potentialAction\":[{\"@type\":\"SearchAction\",\"target\":{\"@type\":\"EntryPoint\",\"urlTemplate\":\"https:\/\/epernay.prep.faire-savoir.eu\/en\/?s={search_term_string}\"},\"query-input\":{\"@type\":\"PropertyValueSpecification\",\"valueRequired\":true,\"valueName\":\"search_term_string\"}}],\"inLanguage\":\"en-US\"},{\"@type\":\"Organization\",\"@id\":\"https:\/\/epernay.prep.faire-savoir.eu\/en\/#organization\",\"name\":\"Epernay\",\"url\":\"https:\/\/epernay.prep.faire-savoir.eu\/en\/\",\"logo\":{\"@type\":\"ImageObject\",\"inLanguage\":\"en-US\",\"@id\":\"https:\/\/epernay.prep.faire-savoir.eu\/en\/#\/schema\/logo\/image\/\",\"url\":\"https:\/\/epernay.prep.faire-savoir.eu\/assets\/uploads\/2022\/02\/logo-epernay.svg\",\"contentUrl\":\"https:\/\/epernay.prep.faire-savoir.eu\/assets\/uploads\/2022\/02\/logo-epernay.svg\",\"width\":242,\"height\":63,\"caption\":\"Epernay\"},\"image\":{\"@id\":\"https:\/\/epernay.prep.faire-savoir.eu\/en\/#\/schema\/logo\/image\/\"},\"sameAs\":[\"https:\/\/www.facebook.com\/tourisme.epernay.champagne\",\"https:\/\/www.linkedin.com\/company\/office-de-tourisme-epernay\/\",\"https:\/\/www.instagram.com\/epernaytourisme\/\"]}]}<\/script>\n<!-- \/ Yoast SEO plugin. -->","yoast_head_json":{"title":"Historic Monte-Carlo Rally - Epernay","description":"Come and enjoy the 26th Monte Carlo Historic Rally. Epernay will welcome the Rally competitors on Thursday 1 February.","robots":{"index":"noindex","follow":"follow","max-snippet":"max-snippet:-1","max-image-preview":"max-image-preview:large","max-video-preview":"max-video-preview:-1"},"og_locale":"en_US","og_type":"article","og_title":"Historic Monte-Carlo Rally - Epernay","og_description":"Come and enjoy the 26th Monte Carlo Historic Rally. Epernay will welcome the Rally competitors on Thursday 1 February.","og_url":"https:\/\/epernay.prep.faire-savoir.eu\/en\/take-advantage\/agenda\/historic-monte-carlo-rally\/","og_site_name":"Epernay","article_publisher":"https:\/\/www.facebook.com\/tourisme.epernay.champagne","article_modified_time":"2024-04-16T15:00:32+00:00","og_image":[{"width":1200,"height":800,"url":"https:\/\/epernay.prep.faire-savoir.eu\/assets\/uploads\/2024\/01\/mercredi-9-aout-notre-train-touristique-ne-circulera-pas-11.png","type":"image\/png"}],"twitter_card":"summary_large_image","twitter_misc":{"Est. reading time":"1 minute"},"schema":{"@context":"https:\/\/schema.org","@graph":[{"@type":"WebPage","@id":"https:\/\/epernay.prep.faire-savoir.eu\/en\/take-advantage\/agenda\/historic-monte-carlo-rally\/","url":"https:\/\/epernay.prep.faire-savoir.eu\/en\/take-advantage\/agenda\/historic-monte-carlo-rally\/","name":"Historic Monte-Carlo Rally - Epernay","isPartOf":{"@id":"https:\/\/epernay.prep.faire-savoir.eu\/en\/#website"},"primaryImageOfPage":{"@id":"https:\/\/epernay.prep.faire-savoir.eu\/en\/take-advantage\/agenda\/historic-monte-carlo-rally\/#primaryimage"},"image":{"@id":"https:\/\/epernay.prep.faire-savoir.eu\/en\/take-advantage\/agenda\/historic-monte-carlo-rally\/#primaryimage"},"thumbnailUrl":"https:\/\/epernay.prep.faire-savoir.eu\/assets\/uploads\/2024\/01\/mercredi-9-aout-notre-train-touristique-ne-circulera-pas-11.png","datePublished":"2023-03-09T14:25:17+00:00","dateModified":"2024-04-16T15:00:32+00:00","description":"Come and enjoy the 26th Monte Carlo Historic Rally. Epernay will welcome the Rally competitors on Thursday 1 February.","breadcrumb":{"@id":"https:\/\/epernay.prep.faire-savoir.eu\/en\/take-advantage\/agenda\/historic-monte-carlo-rally\/#breadcrumb"},"inLanguage":"en-US","potentialAction":[{"@type":"ReadAction","target":["https:\/\/epernay.prep.faire-savoir.eu\/en\/take-advantage\/agenda\/historic-monte-carlo-rally\/"]}]},{"@type":"ImageObject","inLanguage":"en-US","@id":"https:\/\/epernay.prep.faire-savoir.eu\/en\/take-advantage\/agenda\/historic-monte-carlo-rally\/#primaryimage","url":"https:\/\/epernay.prep.faire-savoir.eu\/assets\/uploads\/2024\/01\/mercredi-9-aout-notre-train-touristique-ne-circulera-pas-11.png","contentUrl":"https:\/\/epernay.prep.faire-savoir.eu\/assets\/uploads\/2024\/01\/mercredi-9-aout-notre-train-touristique-ne-circulera-pas-11.png","width":1200,"height":800,"caption":"26EME EDITION 2024 DU RALLYE MONTE-CARLO HISTORIQUE DU 31 JANVIER AU 7 FEVRIER"},{"@type":"BreadcrumbList","@id":"https:\/\/epernay.prep.faire-savoir.eu\/en\/take-advantage\/agenda\/historic-monte-carlo-rally\/#breadcrumb","itemListElement":[{"@type":"ListItem","position":1,"name":"Accueil","item":"https:\/\/epernay.prep.faire-savoir.eu\/en\/"},{"@type":"ListItem","position":2,"name":"Take advantage","item":"https:\/\/epernay.prep.faire-savoir.eu\/en\/take-advantage\/"},{"@type":"ListItem","position":3,"name":"Agenda","item":"https:\/\/epernay.prep.faire-savoir.eu\/en\/take-advantage\/agenda\/"},{"@type":"ListItem","position":4,"name":"Historic Monte-Carlo Rally"}]},{"@type":"WebSite","@id":"https:\/\/epernay.prep.faire-savoir.eu\/en\/#website","url":"https:\/\/epernay.prep.faire-savoir.eu\/en\/","name":"Epernay","description":"","publisher":{"@id":"https:\/\/epernay.prep.faire-savoir.eu\/en\/#organization"},"potentialAction":[{"@type":"SearchAction","target":{"@type":"EntryPoint","urlTemplate":"https:\/\/epernay.prep.faire-savoir.eu\/en\/?s={search_term_string}"},"query-input":{"@type":"PropertyValueSpecification","valueRequired":true,"valueName":"search_term_string"}}],"inLanguage":"en-US"},{"@type":"Organization","@id":"https:\/\/epernay.prep.faire-savoir.eu\/en\/#organization","name":"Epernay","url":"https:\/\/epernay.prep.faire-savoir.eu\/en\/","logo":{"@type":"ImageObject","inLanguage":"en-US","@id":"https:\/\/epernay.prep.faire-savoir.eu\/en\/#\/schema\/logo\/image\/","url":"https:\/\/epernay.prep.faire-savoir.eu\/assets\/uploads\/2022\/02\/logo-epernay.svg","contentUrl":"https:\/\/epernay.prep.faire-savoir.eu\/assets\/uploads\/2022\/02\/logo-epernay.svg","width":242,"height":63,"caption":"Epernay"},"image":{"@id":"https:\/\/epernay.prep.faire-savoir.eu\/en\/#\/schema\/logo\/image\/"},"sameAs":["https:\/\/www.facebook.com\/tourisme.epernay.champagne","https:\/\/www.linkedin.com\/company\/office-de-tourisme-epernay\/","https:\/\/www.instagram.com\/epernaytourisme\/"]}]}},"_links":{"self":[{"href":"https:\/\/epernay.prep.faire-savoir.eu\/en\/wp-json\/wp\/v2\/pages\/10104","targetHints":{"allow":["GET"]}}],"collection":[{"href":"https:\/\/epernay.prep.faire-savoir.eu\/en\/wp-json\/wp\/v2\/pages"}],"about":[{"href":"https:\/\/epernay.prep.faire-savoir.eu\/en\/wp-json\/wp\/v2\/types\/page"}],"author":[{"embeddable":true,"href":"https:\/\/epernay.prep.faire-savoir.eu\/en\/wp-json\/wp\/v2\/users\/4"}],"replies":[{"embeddable":true,"href":"https:\/\/epernay.prep.faire-savoir.eu\/en\/wp-json\/wp\/v2\/comments?post=10104"}],"version-history":[{"count":0,"href":"https:\/\/epernay.prep.faire-savoir.eu\/en\/wp-json\/wp\/v2\/pages\/10104\/revisions"}],"up":[{"embeddable":true,"href":"https:\/\/epernay.prep.faire-savoir.eu\/en\/wp-json\/wp\/v2\/pages\/9560"}],"wp:featuredmedia":[{"embeddable":true,"href":"https:\/\/epernay.prep.faire-savoir.eu\/en\/wp-json\/wp\/v2\/media\/24844"}],"wp:attachment":[{"href":"https:\/\/epernay.prep.faire-savoir.eu\/en\/wp-json\/wp\/v2\/media?parent=10104"}],"curies":[{"name":"wp","href":"https:\/\/api.w.org\/{rel}","templated":true}]}}