{"id":34810,"date":"2025-06-25T15:19:45","date_gmt":"2025-06-25T13:19:45","guid":{"rendered":"https:\/\/epernay.prep.faire-savoir.eu\/take-advantage\/agenda\/summer-at-chateau-de-pierry\/"},"modified":"2025-06-25T15:20:15","modified_gmt":"2025-06-25T13:20:15","slug":"summer-at-chateau-de-pierry","status":"publish","type":"page","link":"https:\/\/epernay.prep.faire-savoir.eu\/en\/take-advantage\/agenda\/summer-at-chateau-de-pierry\/","title":{"rendered":"Summer at Ch\u00e2teau de Pierry!"},"content":{"rendered":"\t\t<div data-elementor-type=\"wp-page\" data-elementor-id=\"34810\" class=\"elementor elementor-34810 elementor-34797\" data-elementor-post-type=\"page\">\n\t\t\t\t\t\t<section class=\"elementor-section elementor-top-section elementor-element elementor-element-30ea12e5 elementor-fs-modele-texte100-black elementor-section-boxed elementor-section-height-default elementor-section-height-default\" data-id=\"30ea12e5\" data-element_type=\"section\">\n\t\t\t\t\t\t<div class=\"elementor-container elementor-column-gap-default\">\n\t\t\t\t\t<div class=\"elementor-column elementor-col-100 elementor-top-column elementor-element elementor-element-ea1cb2\" data-id=\"ea1cb2\" data-element_type=\"column\">\n\t\t\t<div class=\"elementor-widget-wrap elementor-element-populated\">\n\t\t\t\t\t\t<div class=\"elementor-element elementor-element-51d2f45a fs-sstitre elementor-widget elementor-widget-heading\" data-id=\"51d2f45a\" data-element_type=\"widget\" data-widget_type=\"heading.default\">\n\t\t\t\t<div class=\"elementor-widget-container\">\n\t\t\t\t\t<span class=\"elementor-heading-title elementor-size-default\">L'\u00c9t\u00e9 au Ch\u00e2teau returns to the Ch\u00e2teau de Pierry!<\/span>\t\t\t\t<\/div>\n\t\t\t\t<\/div>\n\t\t\t\t<div class=\"elementor-element elementor-element-2a274541 fs-titre elementor-widget elementor-widget-heading\" data-id=\"2a274541\" data-element_type=\"widget\" data-widget_type=\"heading.default\">\n\t\t\t\t<div class=\"elementor-widget-container\">\n\t\t\t\t\t<h2 class=\"elementor-heading-title elementor-size-default\">A festive, sparkling evening in the heart of Champagne's heritage - Friday, June 27, 2025<\/h2>\t\t\t\t<\/div>\n\t\t\t\t<\/div>\n\t\t\t\t<div class=\"elementor-element elementor-element-2d2246f5 elementor-widget elementor-widget-text-editor\" data-id=\"2d2246f5\" data-element_type=\"widget\" data-widget_type=\"text-editor.default\">\n\t\t\t\t<div class=\"elementor-widget-container\">\n\t\t\t\t\t\t\t\t\t<p>Get ready for an exceptional evening in a majestic setting!<br>On Friday June 27, Ch\u00e2teau de Pierry opens its doors once again to celebrate Summer at the Ch\u00e2teau: a convivial evening combining heritage, music and Champagne, in the estate&#8217;s superb park.<\/p>\t\t\t\t\t\t\t\t<\/div>\n\t\t\t\t<\/div>\n\t\t\t\t<div class=\"elementor-element elementor-element-66e4388 elementor-widget elementor-widget-button\" data-id=\"66e4388\" data-element_type=\"widget\" data-widget_type=\"button.default\">\n\t\t\t\t<div class=\"elementor-widget-container\">\n\t\t\t\t\t\t\t\t\t<div class=\"elementor-button-wrapper\">\n\t\t\t\t\t<a class=\"elementor-button elementor-button-link elementor-size-sm\" href=\"https:\/\/my.weezevent.com\/lete-au-chateau-1\">\n\t\t\t\t\t\t<span class=\"elementor-button-content-wrapper\">\n\t\t\t\t\t\t\t\t\t<span class=\"elementor-button-text\">book  <\/span>\n\t\t\t\t\t<\/span>\n\t\t\t\t\t<\/a>\n\t\t\t\t<\/div>\n\t\t\t\t\t\t\t\t<\/div>\n\t\t\t\t<\/div>\n\t\t\t\t\t<\/div>\n\t\t<\/div>\n\t\t\t\t\t<\/div>\n\t\t<\/section>\n\t\t\t\t<section class=\"elementor-section elementor-top-section elementor-element elementor-element-5f9a5fa4 elementor-fs-modele-photo50-texte50 reverse elementor-section-boxed elementor-section-height-default elementor-section-height-default\" data-id=\"5f9a5fa4\" data-element_type=\"section\">\n\t\t\t\t\t\t<div class=\"elementor-container elementor-column-gap-default\">\n\t\t\t\t\t<div class=\"elementor-column elementor-col-50 elementor-top-column elementor-element elementor-element-4e0f8e8d fs-image\" data-id=\"4e0f8e8d\" data-element_type=\"column\">\n\t\t\t<div class=\"elementor-widget-wrap elementor-element-populated\">\n\t\t\t\t\t\t<div class=\"elementor-element elementor-element-15bdf3c2 elementor-widget elementor-widget-image\" data-id=\"15bdf3c2\" data-element_type=\"widget\" data-widget_type=\"image.default\">\n\t\t\t\t<div class=\"elementor-widget-container\">\n\t\t\t\t\t\t\t\t\t\t\t\t\t\t\t<img fetchpriority=\"high\" decoding=\"async\" width=\"1170\" height=\"1339\" src=\"https:\/\/epernay.prep.faire-savoir.eu\/assets\/uploads\/2025\/06\/508614508-1272844597765182-834565878880917817-n.jpg\" class=\"attachment-full size-full wp-image-34803\" alt=\"\" srcset=\"https:\/\/epernay.prep.faire-savoir.eu\/assets\/uploads\/2025\/06\/508614508-1272844597765182-834565878880917817-n.jpg 1170w, https:\/\/epernay.prep.faire-savoir.eu\/assets\/uploads\/2025\/06\/508614508-1272844597765182-834565878880917817-n-262x300.jpg 262w, https:\/\/epernay.prep.faire-savoir.eu\/assets\/uploads\/2025\/06\/508614508-1272844597765182-834565878880917817-n-895x1024.jpg 895w, https:\/\/epernay.prep.faire-savoir.eu\/assets\/uploads\/2025\/06\/508614508-1272844597765182-834565878880917817-n-768x879.jpg 768w\" sizes=\"(max-width: 1170px) 100vw, 1170px\" \/>\t\t\t\t\t\t\t\t\t\t\t\t\t\t\t<\/div>\n\t\t\t\t<\/div>\n\t\t\t\t\t<\/div>\n\t\t<\/div>\n\t\t\t\t<div class=\"elementor-column elementor-col-50 elementor-top-column elementor-element elementor-element-1f4da20c fs-texte\" data-id=\"1f4da20c\" data-element_type=\"column\">\n\t\t\t<div class=\"elementor-widget-wrap elementor-element-populated\">\n\t\t\t\t\t\t<div class=\"elementor-element elementor-element-2daf6026 fs-sstitre elementor-widget elementor-widget-heading\" data-id=\"2daf6026\" data-element_type=\"widget\" data-widget_type=\"heading.default\">\n\t\t\t\t<div class=\"elementor-widget-container\">\n\t\t\t\t\t<span class=\"elementor-heading-title elementor-size-default\">in a place steeped in history<\/span>\t\t\t\t<\/div>\n\t\t\t\t<\/div>\n\t\t\t\t<div class=\"elementor-element elementor-element-4e7670a3 fs-titre elementor-widget elementor-widget-heading\" data-id=\"4e7670a3\" data-element_type=\"widget\" data-widget_type=\"heading.default\">\n\t\t\t\t<div class=\"elementor-widget-container\">\n\t\t\t\t\t<h2 class=\"elementor-heading-title elementor-size-default\">Musical ambience and DJ set  <\/h2>\t\t\t\t<\/div>\n\t\t\t\t<\/div>\n\t\t\t\t<div class=\"elementor-element elementor-element-38f470e6 elementor-widget elementor-widget-text-editor\" data-id=\"38f470e6\" data-element_type=\"widget\" data-widget_type=\"text-editor.default\">\n\t\t\t\t<div class=\"elementor-widget-container\">\n\t\t\t\t\t\t\t\t\t<p>As soon as night falls, let yourself be swept away by the festive atmosphere provided by AMS Agency DJ K\u00e9vin Tanderson, in a unique setting combining old stones and Champagne elegance.<\/p><p>An improvised dance floor, bubbles, lights&#8230; all the ingredients are there to make this an unforgettable evening!<\/p>\t\t\t\t\t\t\t\t<\/div>\n\t\t\t\t<\/div>\n\t\t\t\t\t<\/div>\n\t\t<\/div>\n\t\t\t\t\t<\/div>\n\t\t<\/section>\n\t\t\t\t<section class=\"elementor-section elementor-top-section elementor-element elementor-element-1da20c4b elementor-fs-modele-photo50-texte50 elementor-section-boxed elementor-section-height-default elementor-section-height-default\" data-id=\"1da20c4b\" data-element_type=\"section\">\n\t\t\t\t\t\t<div class=\"elementor-container elementor-column-gap-default\">\n\t\t\t\t\t<div class=\"elementor-column elementor-col-50 elementor-top-column elementor-element elementor-element-64e2784e fs-image\" data-id=\"64e2784e\" data-element_type=\"column\">\n\t\t\t<div class=\"elementor-widget-wrap elementor-element-populated\">\n\t\t\t\t\t\t<div class=\"elementor-element elementor-element-5ec4161e elementor-widget elementor-widget-image\" data-id=\"5ec4161e\" data-element_type=\"widget\" data-widget_type=\"image.default\">\n\t\t\t\t<div class=\"elementor-widget-container\">\n\t\t\t\t\t\t\t\t\t\t\t\t\t\t\t<img decoding=\"async\" width=\"1170\" height=\"1348\" src=\"https:\/\/epernay.prep.faire-savoir.eu\/assets\/uploads\/2025\/06\/508612782-1756320714966402-7793482593285551089-n.jpg\" class=\"attachment-full size-full wp-image-34806\" alt=\"\" srcset=\"https:\/\/epernay.prep.faire-savoir.eu\/assets\/uploads\/2025\/06\/508612782-1756320714966402-7793482593285551089-n.jpg 1170w, https:\/\/epernay.prep.faire-savoir.eu\/assets\/uploads\/2025\/06\/508612782-1756320714966402-7793482593285551089-n-260x300.jpg 260w, https:\/\/epernay.prep.faire-savoir.eu\/assets\/uploads\/2025\/06\/508612782-1756320714966402-7793482593285551089-n-889x1024.jpg 889w, https:\/\/epernay.prep.faire-savoir.eu\/assets\/uploads\/2025\/06\/508612782-1756320714966402-7793482593285551089-n-768x885.jpg 768w\" sizes=\"(max-width: 1170px) 100vw, 1170px\" \/>\t\t\t\t\t\t\t\t\t\t\t\t\t\t\t<\/div>\n\t\t\t\t<\/div>\n\t\t\t\t\t<\/div>\n\t\t<\/div>\n\t\t\t\t<div class=\"elementor-column elementor-col-50 elementor-top-column elementor-element elementor-element-14ddcb32 fs-texte\" data-id=\"14ddcb32\" data-element_type=\"column\">\n\t\t\t<div class=\"elementor-widget-wrap elementor-element-populated\">\n\t\t\t\t\t\t<div class=\"elementor-element elementor-element-3f8bf566 fs-sstitre elementor-widget elementor-widget-heading\" data-id=\"3f8bf566\" data-element_type=\"widget\" data-widget_type=\"heading.default\">\n\t\t\t\t<div class=\"elementor-widget-container\">\n\t\t\t\t\t<span class=\"elementor-heading-title elementor-size-default\">pleasure at the rendezvous<\/span>\t\t\t\t<\/div>\n\t\t\t\t<\/div>\n\t\t\t\t<div class=\"elementor-element elementor-element-76492540 fs-titre elementor-widget elementor-widget-heading\" data-id=\"76492540\" data-element_type=\"widget\" data-widget_type=\"heading.default\">\n\t\t\t\t<div class=\"elementor-widget-container\">\n\t\t\t\t\t<h2 class=\"elementor-heading-title elementor-size-default\">Champagne &amp; gourmandises<\/h2>\t\t\t\t<\/div>\n\t\t\t\t<\/div>\n\t\t\t\t<div class=\"elementor-element elementor-element-210a7196 elementor-widget elementor-widget-text-editor\" data-id=\"210a7196\" data-element_type=\"widget\" data-widget_type=\"text-editor.default\">\n\t\t\t\t<div class=\"elementor-widget-container\">\n\t\t\t\t\t\t\t\t\t<p>On site, you&#8217;ll find :<\/p><p>A Champagne bar offering magnums, bottles and glasses by Champagne Jean Pernet<\/p><p>On-site catering for all appetites<\/p><p>A warm, relaxed atmosphere to enjoy with friends or as a couple!  <\/p><p>Admission: \u20ac10 incl. VAT, including your entry in a draw for a chance to win&#8230; a Jeroboam of Champagne! That&#8217;s all there is to it! <\/p><p>What if it rains?<br>Don&#8217;t panic: in case of bad weather, the party will be moved to Paul&#8217;s magnificent cellar, sheltered but without losing any of its magic.<\/p>\t\t\t\t\t\t\t\t<\/div>\n\t\t\t\t<\/div>\n\t\t\t\t\t<\/div>\n\t\t<\/div>\n\t\t\t\t\t<\/div>\n\t\t<\/section>\n\t\t\t\t<section class=\"elementor-section elementor-top-section elementor-element elementor-element-772d6b84 elementor-section-full_width elementor-section-content-middle modele-blog-2 elementor-section-height-default elementor-section-height-default\" data-id=\"772d6b84\" data-element_type=\"section\">\n\t\t\t\t\t\t<div class=\"elementor-container elementor-column-gap-default\">\n\t\t\t\t\t<div class=\"elementor-column elementor-col-50 elementor-top-column elementor-element elementor-element-15a17c8d text-col fs-texte\" data-id=\"15a17c8d\" data-element_type=\"column\" data-settings=\"{&quot;background_background&quot;:&quot;classic&quot;}\">\n\t\t\t<div class=\"elementor-widget-wrap elementor-element-populated\">\n\t\t\t\t\t\t<div class=\"elementor-element elementor-element-59d18675 fs-titre elementor-widget elementor-widget-heading\" data-id=\"59d18675\" data-element_type=\"widget\" data-widget_type=\"heading.default\">\n\t\t\t\t<div class=\"elementor-widget-container\">\n\t\t\t\t\t<h2 class=\"elementor-heading-title elementor-size-default\">A summer rendezvous<\/h2>\t\t\t\t<\/div>\n\t\t\t\t<\/div>\n\t\t\t\t<div class=\"elementor-element elementor-element-50cb6db5 elementor-widget elementor-widget-text-editor\" data-id=\"50cb6db5\" data-element_type=\"widget\" data-widget_type=\"text-editor.default\">\n\t\t\t\t<div class=\"elementor-widget-container\">\n\t\t\t\t\t\t\t\t\t<p>Whether you&#8217;re a Champagne connoisseur, a fan of open-air evenings or simply looking for a convivial moment in an exceptional setting, L&#8217;\u00c9t\u00e9 au Ch\u00e2teau promises a festive and refined interlude in Pierry.<\/p><p>Reserve your place now, and come celebrate the arrival of summer as it should be: with bubbles, music and good cheer!<\/p>\t\t\t\t\t\t\t\t<\/div>\n\t\t\t\t<\/div>\n\t\t\t\t<div class=\"elementor-element elementor-element-15664f82 elementor-widget elementor-widget-fs-widget-bouton\" data-id=\"15664f82\" data-element_type=\"widget\" data-widget_type=\"fs-widget-bouton.default\">\n\t\t\t\t<div class=\"elementor-widget-container\">\n\t\t\t\t\t\t\t\t\t<div class=\"fs-bouton\">\n\t\t\t\t\t<div class=\"lien default\">\n\t\t\t\t\t\t<a\n\t\t\t\t\t\t\thref=\"https:\/\/my.weezevent.com\/lete-au-chateau-1\"\t\t\t\t\t\t>\n\t\t\t\t\t\t\t<span>Book <\/span>\n\t\t\t\t\t\t<\/a>\n\t\t\t\t\t<\/div>\n\t\t\t\t<\/div>\n\t\t\t\t\t\t\t\t<\/div>\n\t\t\t\t<\/div>\n\t\t\t\t\t<\/div>\n\t\t<\/div>\n\t\t\t\t<div class=\"elementor-column elementor-col-50 elementor-top-column elementor-element elementor-element-4e4cceaf image-col\" data-id=\"4e4cceaf\" data-element_type=\"column\">\n\t\t\t<div class=\"elementor-widget-wrap elementor-element-populated\">\n\t\t\t\t\t\t<div class=\"elementor-element elementor-element-de362a4 elementor-widget elementor-widget-image\" data-id=\"de362a4\" data-element_type=\"widget\" data-widget_type=\"image.default\">\n\t\t\t\t<div class=\"elementor-widget-container\">\n\t\t\t\t\t\t\t\t\t\t\t\t\t\t\t<img decoding=\"async\" width=\"1170\" height=\"1286\" src=\"https:\/\/epernay.prep.faire-savoir.eu\/assets\/uploads\/2025\/06\/512292077-718647490970294-6138022755579309086-n.jpg\" class=\"attachment-full size-full wp-image-34800\" alt=\"\" srcset=\"https:\/\/epernay.prep.faire-savoir.eu\/assets\/uploads\/2025\/06\/512292077-718647490970294-6138022755579309086-n.jpg 1170w, https:\/\/epernay.prep.faire-savoir.eu\/assets\/uploads\/2025\/06\/512292077-718647490970294-6138022755579309086-n-273x300.jpg 273w, https:\/\/epernay.prep.faire-savoir.eu\/assets\/uploads\/2025\/06\/512292077-718647490970294-6138022755579309086-n-932x1024.jpg 932w, https:\/\/epernay.prep.faire-savoir.eu\/assets\/uploads\/2025\/06\/512292077-718647490970294-6138022755579309086-n-768x844.jpg 768w\" sizes=\"(max-width: 1170px) 100vw, 1170px\" \/>\t\t\t\t\t\t\t\t\t\t\t\t\t\t\t<\/div>\n\t\t\t\t<\/div>\n\t\t\t\t\t<\/div>\n\t\t<\/div>\n\t\t\t\t\t<\/div>\n\t\t<\/section>\n\t\t\t\t<\/div>\n\t\t","protected":false},"excerpt":{"rendered":"<p>L&#8217;\u00c9t\u00e9 au Ch\u00e2teau returns to the Ch\u00e2teau de Pierry! A festive, sparkling evening in the heart of Champagne&#8217;s heritage &#8211; Friday, June 27, 2025 Get ready for an exceptional evening in a majestic setting!On Friday June 27, Ch\u00e2teau de Pierry opens its doors once again to celebrate Summer at the Ch\u00e2teau: a convivial evening combining [&hellip;]<\/p>\n","protected":false},"author":4,"featured_media":34800,"parent":9560,"menu_order":625,"comment_status":"closed","ping_status":"closed","template":"templates\/edito.php","meta":{"_acf_changed":false,"footnotes":""},"class_list":["post-34810","page","type-page","status-publish","has-post-thumbnail","hentry"],"acf":[],"yoast_head":"<!-- This site is optimized with the Yoast SEO plugin v26.2 - https:\/\/yoast.com\/wordpress\/plugins\/seo\/ -->\n<title>Summer at the Ch\u00e2teau in Pierry: Champagne party and live DJ<\/title>\n<meta name=\"description\" content=\"Join us for the &quot;\u00c9t\u00e9 au Ch\u00e2teau&quot; party in Pierry on June 27: DJ set, Champagne bar, catering and prize draw. Festive atmosphere guaranteed!\" \/>\n<meta name=\"robots\" content=\"noindex, follow, max-snippet:-1, max-image-preview:large, max-video-preview:-1\" \/>\n<meta property=\"og:locale\" content=\"en_US\" \/>\n<meta property=\"og:type\" content=\"article\" \/>\n<meta property=\"og:title\" content=\"Summer at the Ch\u00e2teau in Pierry: Champagne party and live DJ\" \/>\n<meta property=\"og:description\" content=\"Join us for the &quot;\u00c9t\u00e9 au Ch\u00e2teau&quot; party in Pierry on June 27: DJ set, Champagne bar, catering and prize draw. Festive atmosphere guaranteed!\" \/>\n<meta property=\"og:url\" content=\"https:\/\/epernay.prep.faire-savoir.eu\/en\/take-advantage\/agenda\/summer-at-chateau-de-pierry\/\" \/>\n<meta property=\"og:site_name\" content=\"Epernay\" \/>\n<meta property=\"article:publisher\" content=\"https:\/\/www.facebook.com\/tourisme.epernay.champagne\" \/>\n<meta property=\"article:modified_time\" content=\"2025-06-25T13:20:15+00:00\" \/>\n<meta property=\"og:image\" content=\"https:\/\/epernay.prep.faire-savoir.eu\/assets\/uploads\/2025\/06\/512292077-718647490970294-6138022755579309086-n.jpg\" \/>\n\t<meta property=\"og:image:width\" content=\"1170\" \/>\n\t<meta property=\"og:image:height\" content=\"1286\" \/>\n\t<meta property=\"og:image:type\" content=\"image\/jpeg\" \/>\n<meta name=\"twitter:card\" content=\"summary_large_image\" \/>\n<meta name=\"twitter:label1\" content=\"Est. reading time\" \/>\n\t<meta name=\"twitter:data1\" content=\"1 minute\" \/>\n<script type=\"application\/ld+json\" class=\"yoast-schema-graph\">{\"@context\":\"https:\/\/schema.org\",\"@graph\":[{\"@type\":\"WebPage\",\"@id\":\"https:\/\/epernay.prep.faire-savoir.eu\/en\/take-advantage\/agenda\/summer-at-chateau-de-pierry\/\",\"url\":\"https:\/\/epernay.prep.faire-savoir.eu\/en\/take-advantage\/agenda\/summer-at-chateau-de-pierry\/\",\"name\":\"Summer at the Ch\u00e2teau in Pierry: Champagne party and live DJ\",\"isPartOf\":{\"@id\":\"https:\/\/epernay.prep.faire-savoir.eu\/en\/#website\"},\"primaryImageOfPage\":{\"@id\":\"https:\/\/epernay.prep.faire-savoir.eu\/en\/take-advantage\/agenda\/summer-at-chateau-de-pierry\/#primaryimage\"},\"image\":{\"@id\":\"https:\/\/epernay.prep.faire-savoir.eu\/en\/take-advantage\/agenda\/summer-at-chateau-de-pierry\/#primaryimage\"},\"thumbnailUrl\":\"https:\/\/epernay.prep.faire-savoir.eu\/assets\/uploads\/2025\/06\/512292077-718647490970294-6138022755579309086-n.jpg\",\"datePublished\":\"2025-06-25T13:19:45+00:00\",\"dateModified\":\"2025-06-25T13:20:15+00:00\",\"description\":\"Join us for the \\\"\u00c9t\u00e9 au Ch\u00e2teau\\\" party in Pierry on June 27: DJ set, Champagne bar, catering and prize draw. Festive atmosphere guaranteed!\",\"breadcrumb\":{\"@id\":\"https:\/\/epernay.prep.faire-savoir.eu\/en\/take-advantage\/agenda\/summer-at-chateau-de-pierry\/#breadcrumb\"},\"inLanguage\":\"en-US\",\"potentialAction\":[{\"@type\":\"ReadAction\",\"target\":[\"https:\/\/epernay.prep.faire-savoir.eu\/en\/take-advantage\/agenda\/summer-at-chateau-de-pierry\/\"]}]},{\"@type\":\"ImageObject\",\"inLanguage\":\"en-US\",\"@id\":\"https:\/\/epernay.prep.faire-savoir.eu\/en\/take-advantage\/agenda\/summer-at-chateau-de-pierry\/#primaryimage\",\"url\":\"https:\/\/epernay.prep.faire-savoir.eu\/assets\/uploads\/2025\/06\/512292077-718647490970294-6138022755579309086-n.jpg\",\"contentUrl\":\"https:\/\/epernay.prep.faire-savoir.eu\/assets\/uploads\/2025\/06\/512292077-718647490970294-6138022755579309086-n.jpg\",\"width\":1170,\"height\":1286},{\"@type\":\"BreadcrumbList\",\"@id\":\"https:\/\/epernay.prep.faire-savoir.eu\/en\/take-advantage\/agenda\/summer-at-chateau-de-pierry\/#breadcrumb\",\"itemListElement\":[{\"@type\":\"ListItem\",\"position\":1,\"name\":\"Accueil\",\"item\":\"https:\/\/epernay.prep.faire-savoir.eu\/en\/\"},{\"@type\":\"ListItem\",\"position\":2,\"name\":\"Take advantage\",\"item\":\"https:\/\/epernay.prep.faire-savoir.eu\/en\/take-advantage\/\"},{\"@type\":\"ListItem\",\"position\":3,\"name\":\"Agenda\",\"item\":\"https:\/\/epernay.prep.faire-savoir.eu\/en\/take-advantage\/agenda\/\"},{\"@type\":\"ListItem\",\"position\":4,\"name\":\"Summer at Ch\u00e2teau de Pierry!\"}]},{\"@type\":\"WebSite\",\"@id\":\"https:\/\/epernay.prep.faire-savoir.eu\/en\/#website\",\"url\":\"https:\/\/epernay.prep.faire-savoir.eu\/en\/\",\"name\":\"Epernay\",\"description\":\"\",\"publisher\":{\"@id\":\"https:\/\/epernay.prep.faire-savoir.eu\/en\/#organization\"},\"potentialAction\":[{\"@type\":\"SearchAction\",\"target\":{\"@type\":\"EntryPoint\",\"urlTemplate\":\"https:\/\/epernay.prep.faire-savoir.eu\/en\/?s={search_term_string}\"},\"query-input\":{\"@type\":\"PropertyValueSpecification\",\"valueRequired\":true,\"valueName\":\"search_term_string\"}}],\"inLanguage\":\"en-US\"},{\"@type\":\"Organization\",\"@id\":\"https:\/\/epernay.prep.faire-savoir.eu\/en\/#organization\",\"name\":\"Epernay\",\"url\":\"https:\/\/epernay.prep.faire-savoir.eu\/en\/\",\"logo\":{\"@type\":\"ImageObject\",\"inLanguage\":\"en-US\",\"@id\":\"https:\/\/epernay.prep.faire-savoir.eu\/en\/#\/schema\/logo\/image\/\",\"url\":\"https:\/\/epernay.prep.faire-savoir.eu\/assets\/uploads\/2022\/02\/logo-epernay.svg\",\"contentUrl\":\"https:\/\/epernay.prep.faire-savoir.eu\/assets\/uploads\/2022\/02\/logo-epernay.svg\",\"width\":242,\"height\":63,\"caption\":\"Epernay\"},\"image\":{\"@id\":\"https:\/\/epernay.prep.faire-savoir.eu\/en\/#\/schema\/logo\/image\/\"},\"sameAs\":[\"https:\/\/www.facebook.com\/tourisme.epernay.champagne\",\"https:\/\/www.linkedin.com\/company\/office-de-tourisme-epernay\/\",\"https:\/\/www.instagram.com\/epernaytourisme\/\"]}]}<\/script>\n<!-- \/ Yoast SEO plugin. -->","yoast_head_json":{"title":"Summer at the Ch\u00e2teau in Pierry: Champagne party and live DJ","description":"Join us for the \"\u00c9t\u00e9 au Ch\u00e2teau\" party in Pierry on June 27: DJ set, Champagne bar, catering and prize draw. Festive atmosphere guaranteed!","robots":{"index":"noindex","follow":"follow","max-snippet":"max-snippet:-1","max-image-preview":"max-image-preview:large","max-video-preview":"max-video-preview:-1"},"og_locale":"en_US","og_type":"article","og_title":"Summer at the Ch\u00e2teau in Pierry: Champagne party and live DJ","og_description":"Join us for the \"\u00c9t\u00e9 au Ch\u00e2teau\" party in Pierry on June 27: DJ set, Champagne bar, catering and prize draw. Festive atmosphere guaranteed!","og_url":"https:\/\/epernay.prep.faire-savoir.eu\/en\/take-advantage\/agenda\/summer-at-chateau-de-pierry\/","og_site_name":"Epernay","article_publisher":"https:\/\/www.facebook.com\/tourisme.epernay.champagne","article_modified_time":"2025-06-25T13:20:15+00:00","og_image":[{"width":1170,"height":1286,"url":"https:\/\/epernay.prep.faire-savoir.eu\/assets\/uploads\/2025\/06\/512292077-718647490970294-6138022755579309086-n.jpg","type":"image\/jpeg"}],"twitter_card":"summary_large_image","twitter_misc":{"Est. reading time":"1 minute"},"schema":{"@context":"https:\/\/schema.org","@graph":[{"@type":"WebPage","@id":"https:\/\/epernay.prep.faire-savoir.eu\/en\/take-advantage\/agenda\/summer-at-chateau-de-pierry\/","url":"https:\/\/epernay.prep.faire-savoir.eu\/en\/take-advantage\/agenda\/summer-at-chateau-de-pierry\/","name":"Summer at the Ch\u00e2teau in Pierry: Champagne party and live DJ","isPartOf":{"@id":"https:\/\/epernay.prep.faire-savoir.eu\/en\/#website"},"primaryImageOfPage":{"@id":"https:\/\/epernay.prep.faire-savoir.eu\/en\/take-advantage\/agenda\/summer-at-chateau-de-pierry\/#primaryimage"},"image":{"@id":"https:\/\/epernay.prep.faire-savoir.eu\/en\/take-advantage\/agenda\/summer-at-chateau-de-pierry\/#primaryimage"},"thumbnailUrl":"https:\/\/epernay.prep.faire-savoir.eu\/assets\/uploads\/2025\/06\/512292077-718647490970294-6138022755579309086-n.jpg","datePublished":"2025-06-25T13:19:45+00:00","dateModified":"2025-06-25T13:20:15+00:00","description":"Join us for the \"\u00c9t\u00e9 au Ch\u00e2teau\" party in Pierry on June 27: DJ set, Champagne bar, catering and prize draw. Festive atmosphere guaranteed!","breadcrumb":{"@id":"https:\/\/epernay.prep.faire-savoir.eu\/en\/take-advantage\/agenda\/summer-at-chateau-de-pierry\/#breadcrumb"},"inLanguage":"en-US","potentialAction":[{"@type":"ReadAction","target":["https:\/\/epernay.prep.faire-savoir.eu\/en\/take-advantage\/agenda\/summer-at-chateau-de-pierry\/"]}]},{"@type":"ImageObject","inLanguage":"en-US","@id":"https:\/\/epernay.prep.faire-savoir.eu\/en\/take-advantage\/agenda\/summer-at-chateau-de-pierry\/#primaryimage","url":"https:\/\/epernay.prep.faire-savoir.eu\/assets\/uploads\/2025\/06\/512292077-718647490970294-6138022755579309086-n.jpg","contentUrl":"https:\/\/epernay.prep.faire-savoir.eu\/assets\/uploads\/2025\/06\/512292077-718647490970294-6138022755579309086-n.jpg","width":1170,"height":1286},{"@type":"BreadcrumbList","@id":"https:\/\/epernay.prep.faire-savoir.eu\/en\/take-advantage\/agenda\/summer-at-chateau-de-pierry\/#breadcrumb","itemListElement":[{"@type":"ListItem","position":1,"name":"Accueil","item":"https:\/\/epernay.prep.faire-savoir.eu\/en\/"},{"@type":"ListItem","position":2,"name":"Take advantage","item":"https:\/\/epernay.prep.faire-savoir.eu\/en\/take-advantage\/"},{"@type":"ListItem","position":3,"name":"Agenda","item":"https:\/\/epernay.prep.faire-savoir.eu\/en\/take-advantage\/agenda\/"},{"@type":"ListItem","position":4,"name":"Summer at Ch\u00e2teau de Pierry!"}]},{"@type":"WebSite","@id":"https:\/\/epernay.prep.faire-savoir.eu\/en\/#website","url":"https:\/\/epernay.prep.faire-savoir.eu\/en\/","name":"Epernay","description":"","publisher":{"@id":"https:\/\/epernay.prep.faire-savoir.eu\/en\/#organization"},"potentialAction":[{"@type":"SearchAction","target":{"@type":"EntryPoint","urlTemplate":"https:\/\/epernay.prep.faire-savoir.eu\/en\/?s={search_term_string}"},"query-input":{"@type":"PropertyValueSpecification","valueRequired":true,"valueName":"search_term_string"}}],"inLanguage":"en-US"},{"@type":"Organization","@id":"https:\/\/epernay.prep.faire-savoir.eu\/en\/#organization","name":"Epernay","url":"https:\/\/epernay.prep.faire-savoir.eu\/en\/","logo":{"@type":"ImageObject","inLanguage":"en-US","@id":"https:\/\/epernay.prep.faire-savoir.eu\/en\/#\/schema\/logo\/image\/","url":"https:\/\/epernay.prep.faire-savoir.eu\/assets\/uploads\/2022\/02\/logo-epernay.svg","contentUrl":"https:\/\/epernay.prep.faire-savoir.eu\/assets\/uploads\/2022\/02\/logo-epernay.svg","width":242,"height":63,"caption":"Epernay"},"image":{"@id":"https:\/\/epernay.prep.faire-savoir.eu\/en\/#\/schema\/logo\/image\/"},"sameAs":["https:\/\/www.facebook.com\/tourisme.epernay.champagne","https:\/\/www.linkedin.com\/company\/office-de-tourisme-epernay\/","https:\/\/www.instagram.com\/epernaytourisme\/"]}]}},"_links":{"self":[{"href":"https:\/\/epernay.prep.faire-savoir.eu\/en\/wp-json\/wp\/v2\/pages\/34810","targetHints":{"allow":["GET"]}}],"collection":[{"href":"https:\/\/epernay.prep.faire-savoir.eu\/en\/wp-json\/wp\/v2\/pages"}],"about":[{"href":"https:\/\/epernay.prep.faire-savoir.eu\/en\/wp-json\/wp\/v2\/types\/page"}],"author":[{"embeddable":true,"href":"https:\/\/epernay.prep.faire-savoir.eu\/en\/wp-json\/wp\/v2\/users\/4"}],"replies":[{"embeddable":true,"href":"https:\/\/epernay.prep.faire-savoir.eu\/en\/wp-json\/wp\/v2\/comments?post=34810"}],"version-history":[{"count":0,"href":"https:\/\/epernay.prep.faire-savoir.eu\/en\/wp-json\/wp\/v2\/pages\/34810\/revisions"}],"up":[{"embeddable":true,"href":"https:\/\/epernay.prep.faire-savoir.eu\/en\/wp-json\/wp\/v2\/pages\/9560"}],"wp:featuredmedia":[{"embeddable":true,"href":"https:\/\/epernay.prep.faire-savoir.eu\/en\/wp-json\/wp\/v2\/media\/34800"}],"wp:attachment":[{"href":"https:\/\/epernay.prep.faire-savoir.eu\/en\/wp-json\/wp\/v2\/media?parent=34810"}],"curies":[{"name":"wp","href":"https:\/\/api.w.org\/{rel}","templated":true}]}}