{"id":40590,"date":"2025-11-13T13:15:38","date_gmt":"2025-11-13T12:15:38","guid":{"rendered":"https:\/\/epernay.prep.faire-savoir.eu\/take-advantage\/agenda\/festival-voix-la-lete\/"},"modified":"2025-11-13T13:15:40","modified_gmt":"2025-11-13T12:15:40","slug":"festival-voix-la-lete","status":"publish","type":"page","link":"https:\/\/epernay.prep.faire-savoir.eu\/en\/take-advantage\/agenda\/festival-voix-la-lete\/","title":{"rendered":"Festival Voi(x) l\u00e0 l&#8217;\u00e9t\u00e9"},"content":{"rendered":"\t\t<div data-elementor-type=\"wp-page\" data-elementor-id=\"40590\" class=\"elementor elementor-40590 elementor-19918\" data-elementor-post-type=\"page\">\n\t\t\t\t\t\t<section class=\"elementor-section elementor-top-section elementor-element elementor-element-23d1421a elementor-fs-modele-texte100-black elementor-section-boxed elementor-section-height-default elementor-section-height-default\" data-id=\"23d1421a\" data-element_type=\"section\">\n\t\t\t\t\t\t<div class=\"elementor-container elementor-column-gap-default\">\n\t\t\t\t\t<div class=\"elementor-column elementor-col-100 elementor-top-column elementor-element elementor-element-2f08b584\" data-id=\"2f08b584\" data-element_type=\"column\">\n\t\t\t<div class=\"elementor-widget-wrap elementor-element-populated\">\n\t\t\t\t\t\t<div class=\"elementor-element elementor-element-67a68a55 fs-sstitre elementor-widget elementor-widget-heading\" data-id=\"67a68a55\" data-element_type=\"widget\" data-widget_type=\"heading.default\">\n\t\t\t\t<div class=\"elementor-widget-container\">\n\t\t\t\t\t<span class=\"elementor-heading-title elementor-size-default\">enjoy the sounds of summer <\/span>\t\t\t\t<\/div>\n\t\t\t\t<\/div>\n\t\t\t\t<div class=\"elementor-element elementor-element-12dfea37 fs-titre elementor-widget elementor-widget-heading\" data-id=\"12dfea37\" data-element_type=\"widget\" data-widget_type=\"heading.default\">\n\t\t\t\t<div class=\"elementor-widget-container\">\n\t\t\t\t\t<h2 class=\"elementor-heading-title elementor-size-default\">Voi(x) l\u00e0 l\u2019\u00e9t\u00e9<\/h2>\t\t\t\t<\/div>\n\t\t\t\t<\/div>\n\t\t\t\t<div class=\"elementor-element elementor-element-cad4246 elementor-widget elementor-widget-text-editor\" data-id=\"cad4246\" data-element_type=\"widget\" data-widget_type=\"text-editor.default\">\n\t\t\t\t<div class=\"elementor-widget-container\">\n\t\t\t\t\t\t\t\t\t<p>Music, music everywhere! From 5 to 26 July 2025, the Voi(x) l\u00e0 l&#8217;\u00e9t\u00e9 music festival will once again bring the Champagne capital and its iconic venues to life. <\/p>\t\t\t\t\t\t\t\t<\/div>\n\t\t\t\t<\/div>\n\t\t\t\t\t<\/div>\n\t\t<\/div>\n\t\t\t\t\t<\/div>\n\t\t<\/section>\n\t\t\t\t<section class=\"elementor-section elementor-top-section elementor-element elementor-element-ce831b3 elementor-fs-modele-photo50-texte50 reverse elementor-section-boxed elementor-section-height-default elementor-section-height-default\" data-id=\"ce831b3\" data-element_type=\"section\">\n\t\t\t\t\t\t<div class=\"elementor-container elementor-column-gap-default\">\n\t\t\t\t\t<div class=\"elementor-column elementor-col-50 elementor-top-column elementor-element elementor-element-927acd0 fs-image\" data-id=\"927acd0\" data-element_type=\"column\">\n\t\t\t<div class=\"elementor-widget-wrap elementor-element-populated\">\n\t\t\t\t\t\t<div class=\"elementor-element elementor-element-ce4aa94 elementor-widget elementor-widget-image\" data-id=\"ce4aa94\" data-element_type=\"widget\" data-widget_type=\"image.default\">\n\t\t\t\t<div class=\"elementor-widget-container\">\n\t\t\t\t\t\t\t\t\t\t\t\t<figure class=\"wp-caption\">\n\t\t\t\t\t\t\t\t\t\t<img fetchpriority=\"high\" decoding=\"async\" width=\"2000\" height=\"1333\" src=\"https:\/\/epernay.prep.faire-savoir.eu\/assets\/uploads\/2023\/04\/voix-la-lete-1891-1.jpg\" class=\"attachment-full size-full wp-image-20178\" alt=\"Voix (l\u00e0) l&#039;\u00e9t\u00e9\" srcset=\"https:\/\/epernay.prep.faire-savoir.eu\/assets\/uploads\/2023\/04\/voix-la-lete-1891-1.jpg 2000w, https:\/\/epernay.prep.faire-savoir.eu\/assets\/uploads\/2023\/04\/voix-la-lete-1891-1-300x200.jpg 300w, https:\/\/epernay.prep.faire-savoir.eu\/assets\/uploads\/2023\/04\/voix-la-lete-1891-1-1024x682.jpg 1024w, https:\/\/epernay.prep.faire-savoir.eu\/assets\/uploads\/2023\/04\/voix-la-lete-1891-1-768x512.jpg 768w, https:\/\/epernay.prep.faire-savoir.eu\/assets\/uploads\/2023\/04\/voix-la-lete-1891-1-1536x1024.jpg 1536w\" sizes=\"(max-width: 2000px) 100vw, 2000px\" \/>\t\t\t\t\t\t\t\t\t\t\t<figcaption class=\"widget-image-caption wp-caption-text\">Alexandre Couvreux Photographer<\/figcaption>\n\t\t\t\t\t\t\t\t\t\t<\/figure>\n\t\t\t\t\t\t\t\t\t<\/div>\n\t\t\t\t<\/div>\n\t\t\t\t\t<\/div>\n\t\t<\/div>\n\t\t\t\t<div class=\"elementor-column elementor-col-50 elementor-top-column elementor-element elementor-element-99ad8d8 fs-texte\" data-id=\"99ad8d8\" data-element_type=\"column\">\n\t\t\t<div class=\"elementor-widget-wrap elementor-element-populated\">\n\t\t\t\t\t\t<div class=\"elementor-element elementor-element-1e22808b fs-sstitre elementor-widget elementor-widget-heading\" data-id=\"1e22808b\" data-element_type=\"widget\" data-widget_type=\"heading.default\">\n\t\t\t\t<div class=\"elementor-widget-container\">\n\t\t\t\t\t<span class=\"elementor-heading-title elementor-size-default\">an event not to be missed <\/span>\t\t\t\t<\/div>\n\t\t\t\t<\/div>\n\t\t\t\t<div class=\"elementor-element elementor-element-5e6e1857 fs-titre elementor-widget elementor-widget-heading\" data-id=\"5e6e1857\" data-element_type=\"widget\" data-widget_type=\"heading.default\">\n\t\t\t\t<div class=\"elementor-widget-container\">\n\t\t\t\t\t<h2 class=\"elementor-heading-title elementor-size-default\">Voi(x) l\u00e0 l\u2019\u00e9t\u00e9 2025 Programme<\/h2>\t\t\t\t<\/div>\n\t\t\t\t<\/div>\n\t\t\t\t<div class=\"elementor-element elementor-element-5c69fd69 elementor-widget elementor-widget-text-editor\" data-id=\"5c69fd69\" data-element_type=\"widget\" data-widget_type=\"text-editor.default\">\n\t\t\t\t<div class=\"elementor-widget-container\">\n\t\t\t\t\t\t\t\t\t<p>Since 2015, the Voi(x) l\u00e0 l\u2019\u00e9t\u00e9 festival has invited numerous artists to make their voices heard in Epernay during the month of July. As its name suggests, the programme focuses on concerts, films and storytelling that particularly highlight the voice. In total, around ten shows will be on offer!  <\/p><p>Organised by the Epernay Cultural Affairs Department, this summer highlight invites visitors to discover or rediscover the city&#8217;s points of interest, particularly those located outdoors, such as the Town Hall gardens, the Gabrielle-Dorziat theatre and the Le Palace cinema.<\/p><p>Concerts are (always) free and accessible without reservation (for outdoor performances) &#8211; except for screenings at Le Palace cinema: \u20ac7.<\/p><p>For the show \u2018Le Siffleur et son quatuor \u00e0 cordes\u2019 (The Whistler and his string quartet) = limited seating: <a href=\"https:\/\/my.weezevent.com\/le-siffleur-et-son-quatuor-a-cordes\" target=\"_blank\" rel=\"noopener\">online booking recommended<\/a><\/p>\t\t\t\t\t\t\t\t<\/div>\n\t\t\t\t<\/div>\n\t\t\t\t<div class=\"elementor-element elementor-element-2ba63f35 elementor-widget elementor-widget-fs-widget-bouton\" data-id=\"2ba63f35\" data-element_type=\"widget\" data-widget_type=\"fs-widget-bouton.default\">\n\t\t\t\t<div class=\"elementor-widget-container\">\n\t\t\t\t\t\t\t\t\t<div class=\"fs-bouton\">\n\t\t\t\t\t<div class=\"lien default\">\n\t\t\t\t\t\t<a\n\t\t\t\t\t\t\thref=\"https:\/\/epernay.fr\/sites\/epernay-agglo\/files\/document\/voix_la_lete_programme2025.pdf\"\t\t\t\t\t\t>\n\t\t\t\t\t\t\t<span>2025 Programme<\/span>\n\t\t\t\t\t\t<\/a>\n\t\t\t\t\t<\/div>\n\t\t\t\t<\/div>\n\t\t\t\t\t\t\t\t<\/div>\n\t\t\t\t<\/div>\n\t\t\t\t\t<\/div>\n\t\t<\/div>\n\t\t\t\t\t<\/div>\n\t\t<\/section>\n\t\t\t\t<section class=\"elementor-section elementor-top-section elementor-element elementor-element-5312de0e elementor-fs-modele_video100 elementor-section-boxed-xl elementor-section-boxed elementor-section-height-default elementor-section-height-default\" data-id=\"5312de0e\" data-element_type=\"section\">\n\t\t\t\t\t\t<div class=\"elementor-container elementor-column-gap-default\">\n\t\t\t\t\t<div class=\"elementor-column elementor-col-100 elementor-top-column elementor-element elementor-element-6a0340b7\" data-id=\"6a0340b7\" data-element_type=\"column\">\n\t\t\t<div class=\"elementor-widget-wrap elementor-element-populated\">\n\t\t\t\t\t\t<div class=\"elementor-element elementor-element-85eebbf fs-video elementor-widget elementor-widget-video\" data-id=\"85eebbf\" data-element_type=\"widget\" data-settings=\"{&quot;youtube_url&quot;:&quot;https:\\\/\\\/youtu.be\\\/VAt1nVA_Eb4?si=ICYGrVSq2fOIUS2-&quot;,&quot;video_type&quot;:&quot;youtube&quot;,&quot;controls&quot;:&quot;yes&quot;}\" data-widget_type=\"video.default\">\n\t\t\t\t<div class=\"elementor-widget-container\">\n\t\t\t\t\t\t\t<div class=\"elementor-wrapper elementor-open-inline\">\n\t\t\t<div class=\"elementor-video\"><\/div>\t\t<\/div>\n\t\t\t\t\t\t<\/div>\n\t\t\t\t<\/div>\n\t\t\t\t\t<\/div>\n\t\t<\/div>\n\t\t\t\t\t<\/div>\n\t\t<\/section>\n\t\t\t\t<\/div>\n\t\t","protected":false},"excerpt":{"rendered":"<p>enjoy the sounds of summer Voi(x) l\u00e0 l\u2019\u00e9t\u00e9 Music, music everywhere! From 5 to 26 July 2025, the Voi(x) l\u00e0 l&#8217;\u00e9t\u00e9 music festival will once again bring the Champagne capital and its iconic venues to life. Alexandre Couvreux Photographer an event not to be missed Voi(x) l\u00e0 l\u2019\u00e9t\u00e9 2025 Programme Since 2015, the Voi(x) l\u00e0 [&hellip;]<\/p>\n","protected":false},"author":4,"featured_media":0,"parent":9560,"menu_order":705,"comment_status":"closed","ping_status":"closed","template":"templates\/edito.php","meta":{"_acf_changed":false,"footnotes":""},"class_list":["post-40590","page","type-page","status-publish","hentry"],"acf":[],"yoast_head":"<!-- This site is optimized with the Yoast SEO plugin v26.2 - https:\/\/yoast.com\/wordpress\/plugins\/seo\/ -->\n<title>Voi(x) l\u00e0 l\u2019\u00e9t\u00e9, Epernay&#039;s unique music festival<\/title>\n<meta name=\"description\" content=\"Concerts, shows and storytelling: come and rediscover the Champagne capital to the sound of exceptional voices at the 8th edition of the summer festival!\" \/>\n<meta name=\"robots\" content=\"noindex, follow, max-snippet:-1, max-image-preview:large, max-video-preview:-1\" \/>\n<meta property=\"og:locale\" content=\"en_US\" \/>\n<meta property=\"og:type\" content=\"article\" \/>\n<meta property=\"og:title\" content=\"Voi(x) l\u00e0 l\u2019\u00e9t\u00e9, Epernay&#039;s unique music festival\" \/>\n<meta property=\"og:description\" content=\"Concerts, shows and storytelling: come and rediscover the Champagne capital to the sound of exceptional voices at the 8th edition of the summer festival!\" \/>\n<meta property=\"og:url\" content=\"https:\/\/epernay.prep.faire-savoir.eu\/en\/take-advantage\/agenda\/festival-voix-la-lete\/\" \/>\n<meta property=\"og:site_name\" content=\"Epernay\" \/>\n<meta property=\"article:publisher\" content=\"https:\/\/www.facebook.com\/tourisme.epernay.champagne\" \/>\n<meta property=\"article:modified_time\" content=\"2025-11-13T12:15:40+00:00\" \/>\n<meta property=\"og:image\" content=\"https:\/\/epernay.prep.faire-savoir.eu\/assets\/uploads\/2023\/04\/voix-la-lete-1891-1.jpg\" \/>\n\t<meta property=\"og:image:width\" content=\"2000\" \/>\n\t<meta property=\"og:image:height\" content=\"1333\" \/>\n\t<meta property=\"og:image:type\" content=\"image\/jpeg\" \/>\n<meta name=\"twitter:card\" content=\"summary_large_image\" \/>\n<meta name=\"twitter:label1\" content=\"Est. reading time\" \/>\n\t<meta name=\"twitter:data1\" content=\"1 minute\" \/>\n<script type=\"application\/ld+json\" class=\"yoast-schema-graph\">{\"@context\":\"https:\/\/schema.org\",\"@graph\":[{\"@type\":\"WebPage\",\"@id\":\"https:\/\/epernay.prep.faire-savoir.eu\/en\/take-advantage\/agenda\/festival-voix-la-lete\/\",\"url\":\"https:\/\/epernay.prep.faire-savoir.eu\/en\/take-advantage\/agenda\/festival-voix-la-lete\/\",\"name\":\"Voi(x) l\u00e0 l\u2019\u00e9t\u00e9, Epernay's unique music festival\",\"isPartOf\":{\"@id\":\"https:\/\/epernay.prep.faire-savoir.eu\/en\/#website\"},\"primaryImageOfPage\":{\"@id\":\"https:\/\/epernay.prep.faire-savoir.eu\/en\/take-advantage\/agenda\/festival-voix-la-lete\/#primaryimage\"},\"image\":{\"@id\":\"https:\/\/epernay.prep.faire-savoir.eu\/en\/take-advantage\/agenda\/festival-voix-la-lete\/#primaryimage\"},\"thumbnailUrl\":\"https:\/\/epernay.prep.faire-savoir.eu\/assets\/uploads\/2023\/04\/voix-la-lete-1891-1.jpg\",\"datePublished\":\"2025-11-13T12:15:38+00:00\",\"dateModified\":\"2025-11-13T12:15:40+00:00\",\"description\":\"Concerts, shows and storytelling: come and rediscover the Champagne capital to the sound of exceptional voices at the 8th edition of the summer festival!\",\"breadcrumb\":{\"@id\":\"https:\/\/epernay.prep.faire-savoir.eu\/en\/take-advantage\/agenda\/festival-voix-la-lete\/#breadcrumb\"},\"inLanguage\":\"en-US\",\"potentialAction\":[{\"@type\":\"ReadAction\",\"target\":[\"https:\/\/epernay.prep.faire-savoir.eu\/en\/take-advantage\/agenda\/festival-voix-la-lete\/\"]}]},{\"@type\":\"ImageObject\",\"inLanguage\":\"en-US\",\"@id\":\"https:\/\/epernay.prep.faire-savoir.eu\/en\/take-advantage\/agenda\/festival-voix-la-lete\/#primaryimage\",\"url\":\"https:\/\/epernay.prep.faire-savoir.eu\/assets\/uploads\/2023\/04\/voix-la-lete-1891-1.jpg\",\"contentUrl\":\"https:\/\/epernay.prep.faire-savoir.eu\/assets\/uploads\/2023\/04\/voix-la-lete-1891-1.jpg\"},{\"@type\":\"BreadcrumbList\",\"@id\":\"https:\/\/epernay.prep.faire-savoir.eu\/en\/take-advantage\/agenda\/festival-voix-la-lete\/#breadcrumb\",\"itemListElement\":[{\"@type\":\"ListItem\",\"position\":1,\"name\":\"Accueil\",\"item\":\"https:\/\/epernay.prep.faire-savoir.eu\/en\/\"},{\"@type\":\"ListItem\",\"position\":2,\"name\":\"Take advantage\",\"item\":\"https:\/\/epernay.prep.faire-savoir.eu\/en\/take-advantage\/\"},{\"@type\":\"ListItem\",\"position\":3,\"name\":\"Agenda\",\"item\":\"https:\/\/epernay.prep.faire-savoir.eu\/en\/take-advantage\/agenda\/\"},{\"@type\":\"ListItem\",\"position\":4,\"name\":\"Festival Voi(x) l\u00e0 l&rsquo;\u00e9t\u00e9\"}]},{\"@type\":\"WebSite\",\"@id\":\"https:\/\/epernay.prep.faire-savoir.eu\/en\/#website\",\"url\":\"https:\/\/epernay.prep.faire-savoir.eu\/en\/\",\"name\":\"Epernay\",\"description\":\"\",\"publisher\":{\"@id\":\"https:\/\/epernay.prep.faire-savoir.eu\/en\/#organization\"},\"potentialAction\":[{\"@type\":\"SearchAction\",\"target\":{\"@type\":\"EntryPoint\",\"urlTemplate\":\"https:\/\/epernay.prep.faire-savoir.eu\/en\/?s={search_term_string}\"},\"query-input\":{\"@type\":\"PropertyValueSpecification\",\"valueRequired\":true,\"valueName\":\"search_term_string\"}}],\"inLanguage\":\"en-US\"},{\"@type\":\"Organization\",\"@id\":\"https:\/\/epernay.prep.faire-savoir.eu\/en\/#organization\",\"name\":\"Epernay\",\"url\":\"https:\/\/epernay.prep.faire-savoir.eu\/en\/\",\"logo\":{\"@type\":\"ImageObject\",\"inLanguage\":\"en-US\",\"@id\":\"https:\/\/epernay.prep.faire-savoir.eu\/en\/#\/schema\/logo\/image\/\",\"url\":\"https:\/\/epernay.prep.faire-savoir.eu\/assets\/uploads\/2022\/02\/logo-epernay.svg\",\"contentUrl\":\"https:\/\/epernay.prep.faire-savoir.eu\/assets\/uploads\/2022\/02\/logo-epernay.svg\",\"width\":242,\"height\":63,\"caption\":\"Epernay\"},\"image\":{\"@id\":\"https:\/\/epernay.prep.faire-savoir.eu\/en\/#\/schema\/logo\/image\/\"},\"sameAs\":[\"https:\/\/www.facebook.com\/tourisme.epernay.champagne\",\"https:\/\/www.linkedin.com\/company\/office-de-tourisme-epernay\/\",\"https:\/\/www.instagram.com\/epernaytourisme\/\"]}]}<\/script>\n<!-- \/ Yoast SEO plugin. -->","yoast_head_json":{"title":"Voi(x) l\u00e0 l\u2019\u00e9t\u00e9, Epernay's unique music festival","description":"Concerts, shows and storytelling: come and rediscover the Champagne capital to the sound of exceptional voices at the 8th edition of the summer festival!","robots":{"index":"noindex","follow":"follow","max-snippet":"max-snippet:-1","max-image-preview":"max-image-preview:large","max-video-preview":"max-video-preview:-1"},"og_locale":"en_US","og_type":"article","og_title":"Voi(x) l\u00e0 l\u2019\u00e9t\u00e9, Epernay's unique music festival","og_description":"Concerts, shows and storytelling: come and rediscover the Champagne capital to the sound of exceptional voices at the 8th edition of the summer festival!","og_url":"https:\/\/epernay.prep.faire-savoir.eu\/en\/take-advantage\/agenda\/festival-voix-la-lete\/","og_site_name":"Epernay","article_publisher":"https:\/\/www.facebook.com\/tourisme.epernay.champagne","article_modified_time":"2025-11-13T12:15:40+00:00","og_image":[{"width":2000,"height":1333,"url":"https:\/\/epernay.prep.faire-savoir.eu\/assets\/uploads\/2023\/04\/voix-la-lete-1891-1.jpg","type":"image\/jpeg"}],"twitter_card":"summary_large_image","twitter_misc":{"Est. reading time":"1 minute"},"schema":{"@context":"https:\/\/schema.org","@graph":[{"@type":"WebPage","@id":"https:\/\/epernay.prep.faire-savoir.eu\/en\/take-advantage\/agenda\/festival-voix-la-lete\/","url":"https:\/\/epernay.prep.faire-savoir.eu\/en\/take-advantage\/agenda\/festival-voix-la-lete\/","name":"Voi(x) l\u00e0 l\u2019\u00e9t\u00e9, Epernay's unique music festival","isPartOf":{"@id":"https:\/\/epernay.prep.faire-savoir.eu\/en\/#website"},"primaryImageOfPage":{"@id":"https:\/\/epernay.prep.faire-savoir.eu\/en\/take-advantage\/agenda\/festival-voix-la-lete\/#primaryimage"},"image":{"@id":"https:\/\/epernay.prep.faire-savoir.eu\/en\/take-advantage\/agenda\/festival-voix-la-lete\/#primaryimage"},"thumbnailUrl":"https:\/\/epernay.prep.faire-savoir.eu\/assets\/uploads\/2023\/04\/voix-la-lete-1891-1.jpg","datePublished":"2025-11-13T12:15:38+00:00","dateModified":"2025-11-13T12:15:40+00:00","description":"Concerts, shows and storytelling: come and rediscover the Champagne capital to the sound of exceptional voices at the 8th edition of the summer festival!","breadcrumb":{"@id":"https:\/\/epernay.prep.faire-savoir.eu\/en\/take-advantage\/agenda\/festival-voix-la-lete\/#breadcrumb"},"inLanguage":"en-US","potentialAction":[{"@type":"ReadAction","target":["https:\/\/epernay.prep.faire-savoir.eu\/en\/take-advantage\/agenda\/festival-voix-la-lete\/"]}]},{"@type":"ImageObject","inLanguage":"en-US","@id":"https:\/\/epernay.prep.faire-savoir.eu\/en\/take-advantage\/agenda\/festival-voix-la-lete\/#primaryimage","url":"https:\/\/epernay.prep.faire-savoir.eu\/assets\/uploads\/2023\/04\/voix-la-lete-1891-1.jpg","contentUrl":"https:\/\/epernay.prep.faire-savoir.eu\/assets\/uploads\/2023\/04\/voix-la-lete-1891-1.jpg"},{"@type":"BreadcrumbList","@id":"https:\/\/epernay.prep.faire-savoir.eu\/en\/take-advantage\/agenda\/festival-voix-la-lete\/#breadcrumb","itemListElement":[{"@type":"ListItem","position":1,"name":"Accueil","item":"https:\/\/epernay.prep.faire-savoir.eu\/en\/"},{"@type":"ListItem","position":2,"name":"Take advantage","item":"https:\/\/epernay.prep.faire-savoir.eu\/en\/take-advantage\/"},{"@type":"ListItem","position":3,"name":"Agenda","item":"https:\/\/epernay.prep.faire-savoir.eu\/en\/take-advantage\/agenda\/"},{"@type":"ListItem","position":4,"name":"Festival Voi(x) l\u00e0 l&rsquo;\u00e9t\u00e9"}]},{"@type":"WebSite","@id":"https:\/\/epernay.prep.faire-savoir.eu\/en\/#website","url":"https:\/\/epernay.prep.faire-savoir.eu\/en\/","name":"Epernay","description":"","publisher":{"@id":"https:\/\/epernay.prep.faire-savoir.eu\/en\/#organization"},"potentialAction":[{"@type":"SearchAction","target":{"@type":"EntryPoint","urlTemplate":"https:\/\/epernay.prep.faire-savoir.eu\/en\/?s={search_term_string}"},"query-input":{"@type":"PropertyValueSpecification","valueRequired":true,"valueName":"search_term_string"}}],"inLanguage":"en-US"},{"@type":"Organization","@id":"https:\/\/epernay.prep.faire-savoir.eu\/en\/#organization","name":"Epernay","url":"https:\/\/epernay.prep.faire-savoir.eu\/en\/","logo":{"@type":"ImageObject","inLanguage":"en-US","@id":"https:\/\/epernay.prep.faire-savoir.eu\/en\/#\/schema\/logo\/image\/","url":"https:\/\/epernay.prep.faire-savoir.eu\/assets\/uploads\/2022\/02\/logo-epernay.svg","contentUrl":"https:\/\/epernay.prep.faire-savoir.eu\/assets\/uploads\/2022\/02\/logo-epernay.svg","width":242,"height":63,"caption":"Epernay"},"image":{"@id":"https:\/\/epernay.prep.faire-savoir.eu\/en\/#\/schema\/logo\/image\/"},"sameAs":["https:\/\/www.facebook.com\/tourisme.epernay.champagne","https:\/\/www.linkedin.com\/company\/office-de-tourisme-epernay\/","https:\/\/www.instagram.com\/epernaytourisme\/"]}]}},"_links":{"self":[{"href":"https:\/\/epernay.prep.faire-savoir.eu\/en\/wp-json\/wp\/v2\/pages\/40590","targetHints":{"allow":["GET"]}}],"collection":[{"href":"https:\/\/epernay.prep.faire-savoir.eu\/en\/wp-json\/wp\/v2\/pages"}],"about":[{"href":"https:\/\/epernay.prep.faire-savoir.eu\/en\/wp-json\/wp\/v2\/types\/page"}],"author":[{"embeddable":true,"href":"https:\/\/epernay.prep.faire-savoir.eu\/en\/wp-json\/wp\/v2\/users\/4"}],"replies":[{"embeddable":true,"href":"https:\/\/epernay.prep.faire-savoir.eu\/en\/wp-json\/wp\/v2\/comments?post=40590"}],"version-history":[{"count":0,"href":"https:\/\/epernay.prep.faire-savoir.eu\/en\/wp-json\/wp\/v2\/pages\/40590\/revisions"}],"up":[{"embeddable":true,"href":"https:\/\/epernay.prep.faire-savoir.eu\/en\/wp-json\/wp\/v2\/pages\/9560"}],"wp:attachment":[{"href":"https:\/\/epernay.prep.faire-savoir.eu\/en\/wp-json\/wp\/v2\/media?parent=40590"}],"curies":[{"name":"wp","href":"https:\/\/api.w.org\/{rel}","templated":true}]}}